{"id":634,"date":"2025-10-27T10:16:07","date_gmt":"2025-10-27T09:16:07","guid":{"rendered":"http:\/\/anva.local\/?page_id=634"},"modified":"2025-12-04T16:16:37","modified_gmt":"2025-12-04T15:16:37","slug":"polymer-solutions","status":"publish","type":"page","link":"https:\/\/www.anva.se\/en\/polymer-solutions\/","title":{"rendered":"Polymer Solutions"},"content":{"rendered":"<div class=\"wp-block-group alignfull has-black-color has-brand-5-background-color has-text-color has-background has-link-color wp-elements-f745b1cdda01d02bd2c78ca1a0d6050a has-global-padding is-layout-constrained wp-container-core-group-is-layout-0bed0f9c wp-block-group-is-layout-constrained\" style=\"padding-top:var(--wp--preset--spacing--7-0);padding-bottom:0\">\n<div class=\"wp-block-group is-content-justification-space-between is-layout-flex wp-container-core-group-is-layout-a7922438 wp-block-group-is-layout-flex\">\n<h1 class=\"wp-block-heading\">Polymer Solutions<\/h1>\n\n\n\n<div class=\"wp-block-group has-global-padding is-layout-constrained wp-container-core-group-is-layout-3b427a9f wp-block-group-is-layout-constrained\">\n<p>Polymer Solutions \u00e4r en kvalificerad partner inom utveckling och tillverkning av en bred produktportf\u00f6lj i polymera material som gummi, plast, epoxi, polyuretan och silikon.<\/p>\n\n\n\n<div class=\"wp-block-buttons is-layout-flex wp-block-buttons-is-layout-flex\">\n<div class=\"wp-block-button\"><a class=\"wp-block-button__link wp-element-button\" href=\"https:\/\/polymersolutions.anva.se\/\" target=\"_blank\" rel=\"noreferrer noopener\">Polymer Solutions<img decoding=\"async\" class=\"wp-image-46\" style=\"width: NaNpx;\" src=\"https:\/\/www.anva.se\/wp-content\/uploads\/2025\/09\/arrow_forward.svg\" alt=\"\"><\/a><\/div>\n<\/div>\n<\/div>\n<\/div>\n\n\n\n<div class=\"wp-block-cover alignfull height-desktop-50 height-tablet-50 height-mobile-50\"><img loading=\"lazy\" decoding=\"async\" width=\"1638\" height=\"1093\" class=\"wp-block-cover__image-background wp-image-851 size-full\" alt=\"\" src=\"https:\/\/www.anva.se\/wp-content\/uploads\/2025\/11\/AO-polymer-1.jpg\" data-object-fit=\"cover\" srcset=\"https:\/\/www.anva.se\/wp-content\/uploads\/2025\/11\/AO-polymer-1.jpg 1638w, https:\/\/www.anva.se\/wp-content\/uploads\/2025\/11\/AO-polymer-1-300x200.jpg 300w, https:\/\/www.anva.se\/wp-content\/uploads\/2025\/11\/AO-polymer-1-1024x683.jpg 1024w, https:\/\/www.anva.se\/wp-content\/uploads\/2025\/11\/AO-polymer-1-768x512.jpg 768w, https:\/\/www.anva.se\/wp-content\/uploads\/2025\/11\/AO-polymer-1-1536x1025.jpg 1536w\" sizes=\"auto, (max-width: 1638px) 100vw, 1638px\" \/><span aria-hidden=\"true\" class=\"wp-block-cover__background has-background-dim-0 has-background-dim\" style=\"background-color:#525252\"><\/span><div class=\"wp-block-cover__inner-container has-global-padding is-layout-constrained wp-block-cover-is-layout-constrained\">\n<p class=\"has-text-align-center has-large-font-size\"><\/p>\n<\/div><\/div>\n<\/div>\n\n\n\n<div class=\"wp-block-group alignfull has-white-color has-primary-background-color has-text-color has-background has-link-color wp-elements-db90fab601aeedaefb89fa3222fb2d61 has-global-padding is-layout-constrained wp-block-group-is-layout-constrained\" style=\"margin-top:0;margin-bottom:0\">\n<div class=\"wp-block-columns is-layout-flex wp-container-core-columns-is-layout-28d67f50 wp-block-columns-is-layout-flex\" style=\"padding-top:var(--wp--preset--spacing--7-0);padding-bottom:var(--wp--preset--spacing--7-0)\">\n<div class=\"wp-block-column is-vertically-aligned-stretch is-layout-flow wp-block-column-is-layout-flow\" style=\"flex-basis:33.33%\">\n<p style=\"margin-bottom:var(--wp--preset--spacing--1-5)\">Polymer Solutions \u00e4r en kvalificerad partner inom utveckling och tillverkning av en bred produktportf\u00f6lj i polymera material som gummi, plast, epoxi, polyuretan och silikon.<\/p>\n\n\n\n<p style=\"margin-bottom:var(--wp--preset--spacing--1-5)\">Vi erbjuder flexibel och h\u00f6gkvalitativ tillverkning med fokus p\u00e5 materialutveckling, innovation och h\u00e5llbarhet, fr\u00e5n koncept till f\u00e4rdig produkt. Genom avancerade tillverkningsmetoder som 3D printing, formsprutning, extrudering, formbl\u00e5sning, dispensering samt limning levererar vi skr\u00e4ddarsydda l\u00f6sningar med h\u00f6g precision och p\u00e5litlig funktion. V\u00e5ra strategiskt placerade anl\u00e4ggningar m\u00f6jligg\u00f6r effektiv och h\u00e5llbar produktion, samtidigt som vi s\u00e4kerst\u00e4ller snabb och flexibel leverans till kunder p\u00e5 en global marknad.<\/p>\n\n\n\n<div class=\"wp-block-group is-vertical is-layout-flex wp-container-core-group-is-layout-0ecfaefc wp-block-group-is-layout-flex\" style=\"border-top-color:var(--wp--preset--color--white);border-top-width:1px;margin-top:var(--wp--preset--spacing--auto);padding-top:var(--wp--preset--spacing--1-5)\">\n<h2 class=\"wp-block-heading has-heading-sm-font-size\">Aff\u00e4rsomr\u00e5deschef<\/h2>\n\n\n\n<div class=\"wp-block-columns is-not-stacked-on-mobile is-layout-flex wp-container-core-columns-is-layout-1dd3aa69 wp-block-columns-is-layout-flex\">\n<div class=\"wp-block-column is-layout-flow wp-block-column-is-layout-flow\" style=\"flex-basis:110px\">\n<div class=\"wp-block-group has-white-background-color has-background has-global-padding is-layout-constrained wp-block-group-is-layout-constrained\" style=\"border-radius:0.5rem\">\n<figure class=\"wp-block-image size-full\"><img loading=\"lazy\" decoding=\"async\" width=\"839\" height=\"1200\" src=\"https:\/\/www.anva.se\/wp-content\/uploads\/2025\/11\/aochef-polymer.png\" alt=\"\" class=\"wp-image-853\" srcset=\"https:\/\/www.anva.se\/wp-content\/uploads\/2025\/11\/aochef-polymer.png 839w, https:\/\/www.anva.se\/wp-content\/uploads\/2025\/11\/aochef-polymer-210x300.png 210w, https:\/\/www.anva.se\/wp-content\/uploads\/2025\/11\/aochef-polymer-716x1024.png 716w, https:\/\/www.anva.se\/wp-content\/uploads\/2025\/11\/aochef-polymer-768x1098.png 768w\" sizes=\"auto, (max-width: 839px) 100vw, 839px\" \/><\/figure>\n<\/div>\n<\/div>\n\n\n\n<div class=\"wp-block-column is-layout-flow wp-block-column-is-layout-flow\">\n<p class=\"has-heading-font-family has-text-md-font-size\" style=\"font-style:normal;font-weight:700\">Mathias Asplund<\/p>\n\n\n\n<p class=\"has-heading-font-family has-text-sm-font-size\" style=\"font-style:normal;font-weight:600\"><a href=\"tel:+46 (0)701409518\">+46 (0)701409518<\/a><\/p>\n\n\n\n<p class=\"has-heading-font-family has-text-sm-font-size\" style=\"font-style:normal;font-weight:600\"><a href=\"mailto:mathias.asplund@anva.se\">mathias.asplund@anva.se<\/a><\/p>\n<\/div>\n<\/div>\n<\/div>\n<\/div>\n\n\n\n<div class=\"wp-block-column is-vertically-aligned-stretch is-layout-flow wp-block-column-is-layout-flow\" style=\"flex-basis:66.66%\">\n<div class=\"wp-block-cover is-light\" style=\"border-radius:0.5rem;min-height:500px;aspect-ratio:unset;\"><img loading=\"lazy\" decoding=\"async\" width=\"1638\" height=\"1093\" class=\"wp-block-cover__image-background wp-image-971 size-full\" alt=\"\" src=\"https:\/\/www.anva.se\/wp-content\/uploads\/2025\/12\/Anva_Polytech_Sunne_250918-00097-1.jpg\" data-object-fit=\"cover\" srcset=\"https:\/\/www.anva.se\/wp-content\/uploads\/2025\/12\/Anva_Polytech_Sunne_250918-00097-1.jpg 1638w, https:\/\/www.anva.se\/wp-content\/uploads\/2025\/12\/Anva_Polytech_Sunne_250918-00097-1-300x200.jpg 300w, https:\/\/www.anva.se\/wp-content\/uploads\/2025\/12\/Anva_Polytech_Sunne_250918-00097-1-1024x683.jpg 1024w, https:\/\/www.anva.se\/wp-content\/uploads\/2025\/12\/Anva_Polytech_Sunne_250918-00097-1-768x512.jpg 768w, https:\/\/www.anva.se\/wp-content\/uploads\/2025\/12\/Anva_Polytech_Sunne_250918-00097-1-1536x1025.jpg 1536w\" sizes=\"auto, (max-width: 1638px) 100vw, 1638px\" \/><span aria-hidden=\"true\" class=\"wp-block-cover__background has-background-dim-0 has-background-dim\" style=\"background-color:#9da5ac\"><\/span><div class=\"wp-block-cover__inner-container has-global-padding is-layout-constrained wp-block-cover-is-layout-constrained\">\n<p class=\"has-text-align-center has-large-font-size\"><\/p>\n<\/div><\/div>\n<\/div>\n<\/div>\n<\/div>\n\n\n\n<div class=\"wp-block-group alignfull has-global-padding is-layout-constrained wp-container-core-group-is-layout-d3a2c19d wp-block-group-is-layout-constrained\" style=\"padding-top:var(--wp--preset--spacing--7-0);padding-right:0;padding-bottom:0;padding-left:0\">\n<div class=\"wp-block-group has-global-padding is-content-justification-left is-layout-constrained wp-container-core-group-is-layout-2f655369 wp-block-group-is-layout-constrained\" style=\"padding-right:var(--wp--preset--spacing--default-padding);padding-left:var(--wp--preset--spacing--default-padding)\">\n<h2 class=\"wp-block-heading has-heading-lg-font-size\">H\u00e4r hittar du mer information om v\u00e5rt aff\u00e4rsomr\u00e5de Polymer Solutions.<\/h2>\n<\/div>\n\n\n<div id=\"588467ac-bc74-4426-80df-1ebde3f52075\"\n   class=\"content-slider block-editor-block-list__block wp-block block-editor-block-list__block wp-block is-selected content-slider has-border-around-slider\"\n   data-change-slide-effect=\"slide\"\n   data-loop-slides=\"false\"\n   data-number-of-slides=\"1\"\n   data-number-of-slides-tablet=\"1\"\n   data-number-of-slides-mobile=\"1\"\n   data-slides-gap=\"0\"\n   style=\"--content-slider-border-color: #D9D9D9;          --content-slider-pagination-color: #111111;\">\n   <div class=\"swiper\">\n               <div class=\"swiper-wrapper\">\n            \n\n<div class=\"wp-block-group is-special-hover has-global-padding is-content-justification-left is-layout-constrained wp-container-core-group-is-layout-1016b749 wp-block-group-is-layout-constrained\" style=\"padding-top:var(--wp--preset--spacing--3-0);padding-right:var(--wp--preset--spacing--1-5);padding-bottom:var(--wp--preset--spacing--1-5);padding-left:var(--wp--preset--spacing--1-5);--special-hover-text-color:#FFFFFF;--special-hover-bg-color:#CC0070\">\n<figure class=\"wp-block-image size-full has-custom-border\" style=\"margin-bottom:var(--wp--preset--spacing--4-0)\"><img decoding=\"async\" src=\"https:\/\/www.anva.se\/wp-content\/uploads\/2025\/10\/anva-black-logo.svg\" alt=\"\" class=\"wp-image-730\" style=\"border-radius:0px\"\/><\/figure>\n\n\n\n<p class=\"has-brand-5-color has-text-color has-link-color wp-elements-96983c6ce3288058fd8755dce70e57e9\" style=\"margin-top:var(--wp--preset--spacing--auto)\">AnVa Polymer Solutions \u00e4r en komplett partner med ledande kompetens inom polymertekniska industriella l\u00f6sningar. Vi st\u00e5r f\u00f6r ett brett utbud av tekniker som 3D-printing, gummi och plastformning, limning och dispensering d\u00e4r vi erbjuder v\u00e5ra kunder innovativa och h\u00e5llbara l\u00f6sningar fr\u00e5n id\u00e9 och design till s\u00e4kra serieleveranser. Med modern teknik, bred materialkunskap och h\u00f6g flexibilitet \u00e4r AnVa din helhetsleverant\u00f6r f\u00f6r kr\u00e4vande industriella applikationer.<\/p>\n\n\n\n<div class=\"wp-block-buttons is-layout-flex wp-block-buttons-is-layout-flex\">\n<div class=\"wp-block-button is-style-link is-style-link--1\"><a class=\"wp-block-button__link wp-element-button\" href=\"https:\/\/polymersolutions.anva.se\/\">L\u00e4s Mer h\u00e4r<\/a><\/div>\n<\/div>\n<\/div>\n\n         <\/div>\n            <div class=\"swiper-navigation\">\n         <div class=\"swiper-pagination\"><\/div>\n         <div class=\"swiper-buttons\">\n            <div class=\"swiper-button-prev\">\n               <svg width=\"26\" height=\"20\" viewbox=\"0 0 26 20\" fill=\"none\" xmlns=\"http:\/\/www.w3.org\/2000\/svg\">\n                  <path d=\"M9.58666 19.4225L0.16333 9.99957L9.60375 0.55957L11.095 2.03999L4.1825 8.95249H25.8537V11.0467H4.1825L11.0779 17.9421L9.58666 19.4225Z\" fill=\"currentColor\" \/>\n               <\/svg>\n            <\/div>\n            <div class=\"swiper-button-next\">\n               <svg width=\"26\" height=\"20\" viewbox=\"0 0 26 20\" fill=\"none\" xmlns=\"http:\/\/www.w3.org\/2000\/svg\">\n                  <path d=\"M16.0771 19.378L14.5854 17.8972L21.4808 11.0017H0.5V8.90798H21.4808L14.5683 1.99548L16.06 0.514648L25.5 9.95465L16.0771 19.378Z\" fill=\"currentColor\" \/>\n               <\/svg>\n            <\/div>\n         <\/div>\n      <\/div>\n         <\/div>\n<\/div><\/div>\n\n\n\n<p><\/p>","protected":false},"excerpt":{"rendered":"<p>Polymer Solutions Polymer Solutions \u00e4r en kvalificerad partner inom utveckling och tillverkning av en bred produktportf\u00f6lj i polymera material som gummi, plast, epoxi, polyuretan och silikon. Polymer Solutions \u00e4r en kvalificerad partner inom utveckling och tillverkning av en bred produktportf\u00f6lj i polymera material som gummi, plast, epoxi, polyuretan och silikon. Vi erbjuder flexibel och h\u00f6gkvalitativ [&hellip;]<\/p>\n","protected":false},"author":1,"featured_media":0,"parent":0,"menu_order":0,"comment_status":"closed","ping_status":"closed","template":"wp-custom-template-index-utan-kontakta-oss","meta":{"footnotes":""},"class_list":["post-634","page","type-page","status-publish","hentry"],"yoast_head":"<!-- This site is optimized with the Yoast SEO plugin v27.5 - https:\/\/yoast.com\/product\/yoast-seo-wordpress\/ -->\n<title>V\u00e5rt aff\u00e4rsomr\u00e5de Polymer Solutions<\/title>\n<meta name=\"description\" content=\"En kvalificerad partner inom utveckling och tillverkning av en bred produktportf\u00f6lj i polymera material som gummi, plast, epoxi, polyuretan och silikon.\" \/>\n<meta name=\"robots\" content=\"index, follow, max-snippet:-1, max-image-preview:large, max-video-preview:-1\" \/>\n<link rel=\"canonical\" href=\"https:\/\/www.anva.se\/en\/polymer-solutions\/\" \/>\n<meta property=\"og:locale\" content=\"en_GB\" \/>\n<meta property=\"og:type\" content=\"article\" \/>\n<meta property=\"og:title\" content=\"V\u00e5rt aff\u00e4rsomr\u00e5de Polymer Solutions\" \/>\n<meta property=\"og:description\" content=\"En kvalificerad partner inom utveckling och tillverkning av en bred produktportf\u00f6lj i polymera material som gummi, plast, epoxi, polyuretan och silikon.\" \/>\n<meta property=\"og:url\" content=\"https:\/\/www.anva.se\/en\/polymer-solutions\/\" \/>\n<meta property=\"og:site_name\" content=\"AnVa\" \/>\n<meta property=\"article:modified_time\" content=\"2025-12-04T15:16:37+00:00\" \/>\n<meta property=\"og:image\" content=\"https:\/\/www.anva.se\/wp-content\/uploads\/2025\/09\/arrow_forward.svg\" \/>\n<meta name=\"twitter:card\" content=\"summary_large_image\" \/>\n<meta name=\"twitter:label1\" content=\"Estimated reading time\" \/>\n\t<meta name=\"twitter:data1\" content=\"2 minutes\" \/>\n<script type=\"application\/ld+json\" class=\"yoast-schema-graph\">{\"@context\":\"https:\\\/\\\/schema.org\",\"@graph\":[{\"@type\":\"WebPage\",\"@id\":\"https:\\\/\\\/www.anva.se\\\/en\\\/polymer-solutions\\\/\",\"url\":\"https:\\\/\\\/www.anva.se\\\/en\\\/polymer-solutions\\\/\",\"name\":\"V\u00e5rt aff\u00e4rsomr\u00e5de Polymer Solutions\",\"isPartOf\":{\"@id\":\"https:\\\/\\\/www.anva.se\\\/en\\\/#website\"},\"primaryImageOfPage\":{\"@id\":\"https:\\\/\\\/www.anva.se\\\/en\\\/polymer-solutions\\\/#primaryimage\"},\"image\":{\"@id\":\"https:\\\/\\\/www.anva.se\\\/en\\\/polymer-solutions\\\/#primaryimage\"},\"thumbnailUrl\":\"https:\\\/\\\/www.anva.se\\\/wp-content\\\/uploads\\\/2025\\\/09\\\/arrow_forward.svg\",\"datePublished\":\"2025-10-27T09:16:07+00:00\",\"dateModified\":\"2025-12-04T15:16:37+00:00\",\"description\":\"En kvalificerad partner inom utveckling och tillverkning av en bred produktportf\u00f6lj i polymera material som gummi, plast, epoxi, polyuretan och silikon.\",\"breadcrumb\":{\"@id\":\"https:\\\/\\\/www.anva.se\\\/en\\\/polymer-solutions\\\/#breadcrumb\"},\"inLanguage\":\"en-GB\",\"potentialAction\":[{\"@type\":\"ReadAction\",\"target\":[\"https:\\\/\\\/www.anva.se\\\/en\\\/polymer-solutions\\\/\"]}]},{\"@type\":\"ImageObject\",\"inLanguage\":\"en-GB\",\"@id\":\"https:\\\/\\\/www.anva.se\\\/en\\\/polymer-solutions\\\/#primaryimage\",\"url\":\"https:\\\/\\\/www.anva.se\\\/wp-content\\\/uploads\\\/2025\\\/09\\\/arrow_forward.svg\",\"contentUrl\":\"https:\\\/\\\/www.anva.se\\\/wp-content\\\/uploads\\\/2025\\\/09\\\/arrow_forward.svg\"},{\"@type\":\"BreadcrumbList\",\"@id\":\"https:\\\/\\\/www.anva.se\\\/en\\\/polymer-solutions\\\/#breadcrumb\",\"itemListElement\":[{\"@type\":\"ListItem\",\"position\":1,\"name\":\"Hem\",\"item\":\"https:\\\/\\\/www.anva.se\\\/en\\\/\"},{\"@type\":\"ListItem\",\"position\":2,\"name\":\"Polymer Solutions\"}]},{\"@type\":\"WebSite\",\"@id\":\"https:\\\/\\\/www.anva.se\\\/en\\\/#website\",\"url\":\"https:\\\/\\\/www.anva.se\\\/en\\\/\",\"name\":\"AnVa\",\"description\":\"\",\"publisher\":{\"@id\":\"https:\\\/\\\/www.anva.se\\\/en\\\/#organization\"},\"potentialAction\":[{\"@type\":\"SearchAction\",\"target\":{\"@type\":\"EntryPoint\",\"urlTemplate\":\"https:\\\/\\\/www.anva.se\\\/en\\\/?s={search_term_string}\"},\"query-input\":{\"@type\":\"PropertyValueSpecification\",\"valueRequired\":true,\"valueName\":\"search_term_string\"}}],\"inLanguage\":\"en-GB\"},{\"@type\":\"Organization\",\"@id\":\"https:\\\/\\\/www.anva.se\\\/en\\\/#organization\",\"name\":\"AnVa\",\"url\":\"https:\\\/\\\/www.anva.se\\\/en\\\/\",\"logo\":{\"@type\":\"ImageObject\",\"inLanguage\":\"en-GB\",\"@id\":\"https:\\\/\\\/www.anva.se\\\/en\\\/#\\\/schema\\\/logo\\\/image\\\/\",\"url\":\"https:\\\/\\\/www.anva.se\\\/wp-content\\\/uploads\\\/2025\\\/10\\\/AnVanew.svg\",\"contentUrl\":\"https:\\\/\\\/www.anva.se\\\/wp-content\\\/uploads\\\/2025\\\/10\\\/AnVanew.svg\",\"caption\":\"AnVa\"},\"image\":{\"@id\":\"https:\\\/\\\/www.anva.se\\\/en\\\/#\\\/schema\\\/logo\\\/image\\\/\"}}]}<\/script>\n<!-- \/ Yoast SEO plugin. -->","yoast_head_json":{"title":"V\u00e5rt aff\u00e4rsomr\u00e5de Polymer Solutions","description":"En kvalificerad partner inom utveckling och tillverkning av en bred produktportf\u00f6lj i polymera material som gummi, plast, epoxi, polyuretan och silikon.","robots":{"index":"index","follow":"follow","max-snippet":"max-snippet:-1","max-image-preview":"max-image-preview:large","max-video-preview":"max-video-preview:-1"},"canonical":"https:\/\/www.anva.se\/en\/polymer-solutions\/","og_locale":"en_GB","og_type":"article","og_title":"V\u00e5rt aff\u00e4rsomr\u00e5de Polymer Solutions","og_description":"En kvalificerad partner inom utveckling och tillverkning av en bred produktportf\u00f6lj i polymera material som gummi, plast, epoxi, polyuretan och silikon.","og_url":"https:\/\/www.anva.se\/en\/polymer-solutions\/","og_site_name":"AnVa","article_modified_time":"2025-12-04T15:16:37+00:00","og_image":[{"url":"https:\/\/www.anva.se\/wp-content\/uploads\/2025\/09\/arrow_forward.svg","type":"","width":"","height":""}],"twitter_card":"summary_large_image","twitter_misc":{"Estimated reading time":"2 minutes"},"schema":{"@context":"https:\/\/schema.org","@graph":[{"@type":"WebPage","@id":"https:\/\/www.anva.se\/en\/polymer-solutions\/","url":"https:\/\/www.anva.se\/en\/polymer-solutions\/","name":"V\u00e5rt aff\u00e4rsomr\u00e5de Polymer Solutions","isPartOf":{"@id":"https:\/\/www.anva.se\/en\/#website"},"primaryImageOfPage":{"@id":"https:\/\/www.anva.se\/en\/polymer-solutions\/#primaryimage"},"image":{"@id":"https:\/\/www.anva.se\/en\/polymer-solutions\/#primaryimage"},"thumbnailUrl":"https:\/\/www.anva.se\/wp-content\/uploads\/2025\/09\/arrow_forward.svg","datePublished":"2025-10-27T09:16:07+00:00","dateModified":"2025-12-04T15:16:37+00:00","description":"En kvalificerad partner inom utveckling och tillverkning av en bred produktportf\u00f6lj i polymera material som gummi, plast, epoxi, polyuretan och silikon.","breadcrumb":{"@id":"https:\/\/www.anva.se\/en\/polymer-solutions\/#breadcrumb"},"inLanguage":"en-GB","potentialAction":[{"@type":"ReadAction","target":["https:\/\/www.anva.se\/en\/polymer-solutions\/"]}]},{"@type":"ImageObject","inLanguage":"en-GB","@id":"https:\/\/www.anva.se\/en\/polymer-solutions\/#primaryimage","url":"https:\/\/www.anva.se\/wp-content\/uploads\/2025\/09\/arrow_forward.svg","contentUrl":"https:\/\/www.anva.se\/wp-content\/uploads\/2025\/09\/arrow_forward.svg"},{"@type":"BreadcrumbList","@id":"https:\/\/www.anva.se\/en\/polymer-solutions\/#breadcrumb","itemListElement":[{"@type":"ListItem","position":1,"name":"Hem","item":"https:\/\/www.anva.se\/en\/"},{"@type":"ListItem","position":2,"name":"Polymer Solutions"}]},{"@type":"WebSite","@id":"https:\/\/www.anva.se\/en\/#website","url":"https:\/\/www.anva.se\/en\/","name":"AnVa","description":"","publisher":{"@id":"https:\/\/www.anva.se\/en\/#organization"},"potentialAction":[{"@type":"SearchAction","target":{"@type":"EntryPoint","urlTemplate":"https:\/\/www.anva.se\/en\/?s={search_term_string}"},"query-input":{"@type":"PropertyValueSpecification","valueRequired":true,"valueName":"search_term_string"}}],"inLanguage":"en-GB"},{"@type":"Organization","@id":"https:\/\/www.anva.se\/en\/#organization","name":"AnVa","url":"https:\/\/www.anva.se\/en\/","logo":{"@type":"ImageObject","inLanguage":"en-GB","@id":"https:\/\/www.anva.se\/en\/#\/schema\/logo\/image\/","url":"https:\/\/www.anva.se\/wp-content\/uploads\/2025\/10\/AnVanew.svg","contentUrl":"https:\/\/www.anva.se\/wp-content\/uploads\/2025\/10\/AnVanew.svg","caption":"AnVa"},"image":{"@id":"https:\/\/www.anva.se\/en\/#\/schema\/logo\/image\/"}}]}},"_links":{"self":[{"href":"https:\/\/www.anva.se\/en\/wp-json\/wp\/v2\/pages\/634","targetHints":{"allow":["GET"]}}],"collection":[{"href":"https:\/\/www.anva.se\/en\/wp-json\/wp\/v2\/pages"}],"about":[{"href":"https:\/\/www.anva.se\/en\/wp-json\/wp\/v2\/types\/page"}],"author":[{"embeddable":true,"href":"https:\/\/www.anva.se\/en\/wp-json\/wp\/v2\/users\/1"}],"replies":[{"embeddable":true,"href":"https:\/\/www.anva.se\/en\/wp-json\/wp\/v2\/comments?post=634"}],"version-history":[{"count":22,"href":"https:\/\/www.anva.se\/en\/wp-json\/wp\/v2\/pages\/634\/revisions"}],"predecessor-version":[{"id":972,"href":"https:\/\/www.anva.se\/en\/wp-json\/wp\/v2\/pages\/634\/revisions\/972"}],"wp:attachment":[{"href":"https:\/\/www.anva.se\/en\/wp-json\/wp\/v2\/media?parent=634"}],"curies":[{"name":"wp","href":"https:\/\/api.w.org\/{rel}","templated":true}]}}