{"id":609,"date":"2025-10-27T09:58:52","date_gmt":"2025-10-27T08:58:52","guid":{"rendered":"http:\/\/anva.local\/?page_id=609"},"modified":"2025-12-04T15:58:35","modified_gmt":"2025-12-04T14:58:35","slug":"industrial-components","status":"publish","type":"page","link":"https:\/\/www.anva.se\/en\/industrial-components\/","title":{"rendered":"Industrial Components"},"content":{"rendered":"<div class=\"wp-block-group alignfull has-black-color has-brand-5-background-color has-text-color has-background has-link-color wp-elements-126de650760d8567e44878917b908a4e has-global-padding is-layout-constrained wp-container-core-group-is-layout-0bed0f9c wp-block-group-is-layout-constrained\" style=\"padding-top:var(--wp--preset--spacing--7-0);padding-bottom:0\">\n<div class=\"wp-block-group is-content-justification-space-between is-layout-flex wp-container-core-group-is-layout-a7922438 wp-block-group-is-layout-flex\">\n<h1 class=\"wp-block-heading\">Industrial Components<\/h1>\n\n\n\n<div class=\"wp-block-group has-global-padding is-layout-constrained wp-container-core-group-is-layout-3b427a9f wp-block-group-is-layout-constrained\">\n<p>Industrial Components \u00e4r specialiserade p\u00e5 volymproduktion med h\u00f6gt st\u00e4llda krav p\u00e5 produktkvalitet och leveransprecision.&nbsp;<\/p>\n<\/div>\n<\/div>\n\n\n\n<div class=\"wp-block-cover alignfull is-light height-desktop-50 height-tablet-50 height-mobile-50\"><img loading=\"lazy\" decoding=\"async\" width=\"2500\" height=\"1667\" class=\"wp-block-cover__image-background wp-image-857 size-full\" alt=\"\" src=\"https:\/\/www.anva.se\/wp-content\/uploads\/2025\/11\/AO-Ind-Components-1.jpg\" data-object-fit=\"cover\" srcset=\"https:\/\/www.anva.se\/wp-content\/uploads\/2025\/11\/AO-Ind-Components-1.jpg 2500w, https:\/\/www.anva.se\/wp-content\/uploads\/2025\/11\/AO-Ind-Components-1-300x200.jpg 300w, https:\/\/www.anva.se\/wp-content\/uploads\/2025\/11\/AO-Ind-Components-1-1024x683.jpg 1024w, https:\/\/www.anva.se\/wp-content\/uploads\/2025\/11\/AO-Ind-Components-1-768x512.jpg 768w, https:\/\/www.anva.se\/wp-content\/uploads\/2025\/11\/AO-Ind-Components-1-1536x1024.jpg 1536w, https:\/\/www.anva.se\/wp-content\/uploads\/2025\/11\/AO-Ind-Components-1-2048x1366.jpg 2048w\" sizes=\"auto, (max-width: 2500px) 100vw, 2500px\" \/><span aria-hidden=\"true\" class=\"wp-block-cover__background has-background-dim-0 has-background-dim\" style=\"background-color:#8e8a88\"><\/span><div class=\"wp-block-cover__inner-container has-global-padding is-layout-constrained wp-block-cover-is-layout-constrained\">\n<p class=\"has-text-align-center has-large-font-size\"><\/p>\n<\/div><\/div>\n<\/div>\n\n\n\n<div class=\"wp-block-group alignfull has-white-color has-primary-background-color has-text-color has-background has-link-color wp-elements-f89e31b5cfc0f3f92e54c59ba118ca35 has-global-padding is-layout-constrained wp-block-group-is-layout-constrained\" style=\"margin-top:0;margin-bottom:0\">\n<div class=\"wp-block-columns is-layout-flex wp-container-core-columns-is-layout-28d67f50 wp-block-columns-is-layout-flex\" style=\"padding-top:var(--wp--preset--spacing--7-0);padding-bottom:var(--wp--preset--spacing--7-0)\">\n<div class=\"wp-block-column is-vertically-aligned-stretch is-layout-flow wp-block-column-is-layout-flow\" style=\"flex-basis:33.33%\">\n<p style=\"margin-bottom:var(--wp--preset--spacing--1-5)\">Industrial Components \u00e4r specialiserade p\u00e5 volymproduktion med h\u00f6gt st\u00e4llda krav p\u00e5 produktkvalitet och leveransprecision. Vi levererar h\u00f6gvolymsproduktion med fokus p\u00e5 noll fel, d\u00e4r effektivitet, repeterbarhet och kvalitet g\u00e5r hand i hand. Genom metoder som kallformning, sk\u00e4rande bearbetning, h\u00e4rdning och slipning erbjuder vi v\u00e4rdeskapande tekniska l\u00f6sningar och resursoptimerade produkter i st\u00e5l. V\u00e5r produktion bygger p\u00e5 h\u00e5llbara och effektiva processer i framkant, utvecklade i n\u00e4ra samarbete med v\u00e5ra kunder f\u00f6r att skapa maximal nytta genom hela v\u00e4rdekedjan.<\/p>\n\n\n\n<div class=\"wp-block-group is-vertical is-layout-flex wp-container-core-group-is-layout-0ecfaefc wp-block-group-is-layout-flex\" style=\"border-top-color:var(--wp--preset--color--white);border-top-width:1px;margin-top:var(--wp--preset--spacing--auto);padding-top:var(--wp--preset--spacing--1-5)\">\n<h2 class=\"wp-block-heading has-heading-sm-font-size\">Aff\u00e4rsomr\u00e5deschef<\/h2>\n\n\n\n<div class=\"wp-block-columns is-not-stacked-on-mobile is-layout-flex wp-container-core-columns-is-layout-1dd3aa69 wp-block-columns-is-layout-flex\">\n<div class=\"wp-block-column is-layout-flow wp-block-column-is-layout-flow\" style=\"flex-basis:110px\">\n<div class=\"wp-block-group has-white-background-color has-background has-global-padding is-layout-constrained wp-block-group-is-layout-constrained\" style=\"border-radius:0.5rem\">\n<figure class=\"wp-block-image size-full\"><img loading=\"lazy\" decoding=\"async\" width=\"110\" height=\"110\" src=\"https:\/\/www.anva.se\/wp-content\/uploads\/2025\/11\/lars.png\" alt=\"\" class=\"wp-image-787\"\/><\/figure>\n<\/div>\n<\/div>\n\n\n\n<div class=\"wp-block-column is-layout-flow wp-block-column-is-layout-flow\">\n<p class=\"has-heading-font-family has-text-md-font-size\" style=\"font-style:normal;font-weight:700\">Lars Christiansson<\/p>\n\n\n\n<p class=\"has-heading-font-family has-text-sm-font-size\" style=\"font-style:normal;font-weight:600\"><a href=\"tel:460703216204\">+46(0)703216204<\/a><\/p>\n\n\n\n<p class=\"has-heading-font-family has-text-sm-font-size\" style=\"font-style:normal;font-weight:600\"><a href=\"mailto:lars.christiansson@anva.se\">lars.christiansson@anva.se<\/a><\/p>\n<\/div>\n<\/div>\n<\/div>\n<\/div>\n\n\n\n<div class=\"wp-block-column is-vertically-aligned-stretch is-layout-flow wp-block-column-is-layout-flow\" style=\"flex-basis:66.66%\">\n<div class=\"wp-block-cover is-light\" style=\"border-radius:0.5rem;min-height:500px;aspect-ratio:unset;\"><img decoding=\"async\" class=\"wp-block-cover__image-background wp-image-858 size-full\" alt=\"\" src=\"https:\/\/www.anva.se\/wp-content\/uploads\/2025\/11\/AO-Ind-components-2.jpg\" data-object-fit=\"cover\"\/><span aria-hidden=\"true\" class=\"wp-block-cover__background has-background-dim-0 has-background-dim\" style=\"background-color:#aeb4ba\"><\/span><div class=\"wp-block-cover__inner-container has-global-padding is-layout-constrained wp-block-cover-is-layout-constrained\">\n<p class=\"has-text-align-center has-large-font-size\"><\/p>\n<\/div><\/div>\n<\/div>\n<\/div>\n<\/div>\n\n\n\n<div class=\"wp-block-group alignfull has-global-padding is-layout-constrained wp-container-core-group-is-layout-d3a2c19d wp-block-group-is-layout-constrained\" style=\"padding-top:var(--wp--preset--spacing--7-0);padding-right:0;padding-bottom:0;padding-left:0\">\n<div class=\"wp-block-group has-global-padding is-content-justification-left is-layout-constrained wp-container-core-group-is-layout-9bb20547 wp-block-group-is-layout-constrained\" style=\"padding-right:var(--wp--preset--spacing--default-padding);padding-left:var(--wp--preset--spacing--default-padding)\">\n<h2 class=\"wp-block-heading has-heading-lg-font-size\">V\u00e5ra bolag inom Industrial Components<\/h2>\n<\/div>\n\n\n<div id=\"588467ac-bc74-4426-80df-1ebde3f52075\"\n   class=\"content-slider block-editor-block-list__block wp-block block-editor-block-list__block wp-block is-selected content-slider has-border-around-slider  show-next-slide\"\n   data-change-slide-effect=\"slide\"\n   data-loop-slides=\"false\"\n   data-number-of-slides=\"3\"\n   data-number-of-slides-tablet=\"2\"\n   data-number-of-slides-mobile=\"1\"\n   data-slides-gap=\"0\"\n   style=\"--content-slider-border-color: #D9D9D9;          --content-slider-pagination-color: #111111;\">\n   <div class=\"swiper\">\n               <div class=\"swiper-wrapper\">\n            \n\n<div class=\"wp-block-group is-special-hover has-global-padding is-content-justification-left is-layout-constrained wp-container-core-group-is-layout-1016b749 wp-block-group-is-layout-constrained\" style=\"padding-top:var(--wp--preset--spacing--3-0);padding-right:var(--wp--preset--spacing--1-5);padding-bottom:var(--wp--preset--spacing--1-5);padding-left:var(--wp--preset--spacing--1-5);--special-hover-text-color:#FFFFFF;--special-hover-bg-color:#CC0070\">\n<figure class=\"wp-block-image size-full is-resized has-custom-border\" style=\"margin-bottom:var(--wp--preset--spacing--4-0)\"><img loading=\"lazy\" decoding=\"async\" width=\"856\" height=\"291\" src=\"https:\/\/www.anva.se\/wp-content\/uploads\/2025\/11\/output-onlinepngtools.png\" alt=\"\" class=\"wp-image-946\" style=\"border-radius:0px;width:110px\" srcset=\"https:\/\/www.anva.se\/wp-content\/uploads\/2025\/11\/output-onlinepngtools.png 856w, https:\/\/www.anva.se\/wp-content\/uploads\/2025\/11\/output-onlinepngtools-300x102.png 300w, https:\/\/www.anva.se\/wp-content\/uploads\/2025\/11\/output-onlinepngtools-768x261.png 768w\" sizes=\"auto, (max-width: 856px) 100vw, 856px\" \/><\/figure>\n\n\n\n<p class=\"has-brand-5-color has-text-color has-link-color wp-elements-a684b14fe8c9087ec535acd90dad0fcc\" style=\"margin-top:var(--wp--preset--spacing--auto)\"><strong>AnVa Components<\/strong> levererar h\u00f6gkvalificerade produkter i legerat st\u00e5l till en global marknad. H\u00e4r finns kompetensen, de moderna resurserna och f\u00f6rm\u00e5gan att se kundens behov.<\/p>\n\n\n\n<p class=\"has-brand-5-color has-text-color has-link-color wp-elements-868fe6dfa66b2f6cdc56ca55c3bf1b90\" style=\"margin-top:var(--wp--preset--spacing--auto)\">V\u00e5r specialitet \u00e4r bl a kallformning.<\/p>\n\n\n\n<div class=\"wp-block-buttons is-layout-flex wp-block-buttons-is-layout-flex\">\n<div class=\"wp-block-button is-style-link is-style-link--1\"><a class=\"wp-block-button__link has-black-color has-text-color has-link-color wp-element-button\" href=\"https:\/\/components.anva.se\/\">L\u00e4s mer h\u00e4r<\/a><\/div>\n<\/div>\n<\/div>\n\n\n\n<div class=\"wp-block-group is-special-hover has-global-padding is-content-justification-left is-layout-constrained wp-container-core-group-is-layout-1016b749 wp-block-group-is-layout-constrained\" style=\"padding-top:var(--wp--preset--spacing--3-0);padding-right:var(--wp--preset--spacing--1-5);padding-bottom:var(--wp--preset--spacing--1-5);padding-left:var(--wp--preset--spacing--1-5);--special-hover-text-color:#FFFFFF;--special-hover-bg-color:#CC0070\">\n<figure class=\"wp-block-image size-full is-resized has-custom-border\" style=\"margin-bottom:var(--wp--preset--spacing--4-0)\"><img loading=\"lazy\" decoding=\"async\" width=\"1553\" height=\"717\" src=\"https:\/\/www.anva.se\/wp-content\/uploads\/2025\/11\/output-onlinepngtools2.png\" alt=\"\" class=\"wp-image-948\" style=\"border-radius:0px;width:110px\" srcset=\"https:\/\/www.anva.se\/wp-content\/uploads\/2025\/11\/output-onlinepngtools2.png 1553w, https:\/\/www.anva.se\/wp-content\/uploads\/2025\/11\/output-onlinepngtools2-300x139.png 300w, https:\/\/www.anva.se\/wp-content\/uploads\/2025\/11\/output-onlinepngtools2-1024x473.png 1024w, https:\/\/www.anva.se\/wp-content\/uploads\/2025\/11\/output-onlinepngtools2-768x355.png 768w, https:\/\/www.anva.se\/wp-content\/uploads\/2025\/11\/output-onlinepngtools2-1536x709.png 1536w\" sizes=\"auto, (max-width: 1553px) 100vw, 1553px\" \/><\/figure>\n\n\n\n<p class=\"has-brand-5-color has-text-color has-link-color wp-elements-c3c84d099f2f676f0e9ccf5aeb6389e0\" style=\"margin-top:var(--wp--preset--spacing--auto)\"><strong>AnVa Tubes &amp; Components<\/strong> skall vara kundens f\u00f6rstahandsval som materialf\u00f6rs\u00f6rjare och som legoleverant\u00f6r av produkter inom sk\u00e4rande bearbetning.<\/p>\n\n\n\n<div class=\"wp-block-buttons is-layout-flex wp-block-buttons-is-layout-flex\">\n<div class=\"wp-block-button is-style-link is-style-link--2\"><a class=\"wp-block-button__link has-black-color has-text-color has-link-color wp-element-button\" href=\"https:\/\/tubesandcomponents.anva.se\/\">L\u00e4s mer h\u00e4r<\/a><\/div>\n<\/div>\n<\/div>\n\n\n\n<div class=\"wp-block-group is-special-hover has-global-padding is-content-justification-left is-layout-constrained wp-container-core-group-is-layout-1016b749 wp-block-group-is-layout-constrained\" style=\"padding-top:var(--wp--preset--spacing--3-0);padding-right:var(--wp--preset--spacing--1-5);padding-bottom:var(--wp--preset--spacing--1-5);padding-left:var(--wp--preset--spacing--1-5);--special-hover-text-color:#FFFFFF;--special-hover-bg-color:#CC0070\">\n<figure class=\"wp-block-image size-full is-resized has-custom-border\" style=\"margin-bottom:var(--wp--preset--spacing--4-0)\"><img loading=\"lazy\" decoding=\"async\" width=\"699\" height=\"334\" src=\"https:\/\/www.anva.se\/wp-content\/uploads\/2025\/11\/LiftUp-logo.png\" alt=\"\" class=\"wp-image-863\" style=\"border-radius:0px;width:120px\" srcset=\"https:\/\/www.anva.se\/wp-content\/uploads\/2025\/11\/LiftUp-logo.png 699w, https:\/\/www.anva.se\/wp-content\/uploads\/2025\/11\/LiftUp-logo-300x143.png 300w\" sizes=\"auto, (max-width: 699px) 100vw, 699px\" \/><\/figure>\n\n\n\n<p class=\"has-brand-5-color has-text-color has-link-color wp-elements-51e1182e7180196d90cf729e36d026f4\" style=\"margin-top:var(--wp--preset--spacing--auto)\"><strong>Lift Up<\/strong> levererar en underh\u00e5llsfri l\u00f6sning f\u00f6r mekaniska lyftning. Lift up ers\u00e4tter b\u00e5de gasfj\u00e4der och g\u00e5ngj\u00e4rn till en produkt.<\/p>\n\n\n\n<div class=\"wp-block-buttons is-layout-flex wp-block-buttons-is-layout-flex\">\n<div class=\"wp-block-button is-style-link is-style-link--3\"><a class=\"wp-block-button__link has-black-color has-text-color has-link-color wp-element-button\" href=\"https:\/\/liftup.se\/\">L\u00e4s mer h\u00e4r<\/a><\/div>\n<\/div>\n<\/div>\n\n         <\/div>\n            <div class=\"swiper-navigation\">\n         <div class=\"swiper-pagination\"><\/div>\n         <div class=\"swiper-buttons\">\n            <div class=\"swiper-button-prev\">\n               <svg width=\"26\" height=\"20\" viewbox=\"0 0 26 20\" fill=\"none\" xmlns=\"http:\/\/www.w3.org\/2000\/svg\">\n                  <path d=\"M9.58666 19.4225L0.16333 9.99957L9.60375 0.55957L11.095 2.03999L4.1825 8.95249H25.8537V11.0467H4.1825L11.0779 17.9421L9.58666 19.4225Z\" fill=\"currentColor\" \/>\n               <\/svg>\n            <\/div>\n            <div class=\"swiper-button-next\">\n               <svg width=\"26\" height=\"20\" viewbox=\"0 0 26 20\" fill=\"none\" xmlns=\"http:\/\/www.w3.org\/2000\/svg\">\n                  <path d=\"M16.0771 19.378L14.5854 17.8972L21.4808 11.0017H0.5V8.90798H21.4808L14.5683 1.99548L16.06 0.514648L25.5 9.95465L16.0771 19.378Z\" fill=\"currentColor\" \/>\n               <\/svg>\n            <\/div>\n         <\/div>\n      <\/div>\n         <\/div>\n<\/div><\/div>","protected":false},"excerpt":{"rendered":"<p>Industrial Components Industrial Components \u00e4r specialiserade p\u00e5 volymproduktion med h\u00f6gt st\u00e4llda krav p\u00e5 produktkvalitet och leveransprecision.&nbsp; Industrial Components \u00e4r specialiserade p\u00e5 volymproduktion med h\u00f6gt st\u00e4llda krav p\u00e5 produktkvalitet och leveransprecision. Vi levererar h\u00f6gvolymsproduktion med fokus p\u00e5 noll fel, d\u00e4r effektivitet, repeterbarhet och kvalitet g\u00e5r hand i hand. Genom metoder som kallformning, sk\u00e4rande bearbetning, h\u00e4rdning och [&hellip;]<\/p>\n","protected":false},"author":1,"featured_media":0,"parent":0,"menu_order":0,"comment_status":"closed","ping_status":"closed","template":"wp-custom-template-index-utan-kontakta-oss","meta":{"footnotes":""},"class_list":["post-609","page","type-page","status-publish","hentry"],"yoast_head":"<!-- This site is optimized with the Yoast SEO plugin v27.5 - https:\/\/yoast.com\/product\/yoast-seo-wordpress\/ -->\n<title>V\u00e5ra bolag inom Industrial Components<\/title>\n<meta name=\"description\" content=\"Industrial Components \u00e4r specialiserade p\u00e5 volymproduktion med h\u00f6gt st\u00e4llda krav p\u00e5 produktkvalitet och leveransprecision.\" \/>\n<meta name=\"robots\" content=\"index, follow, max-snippet:-1, max-image-preview:large, max-video-preview:-1\" \/>\n<link rel=\"canonical\" href=\"https:\/\/www.anva.se\/en\/industrial-components\/\" \/>\n<meta property=\"og:locale\" content=\"en_GB\" \/>\n<meta property=\"og:type\" content=\"article\" \/>\n<meta property=\"og:title\" content=\"V\u00e5ra bolag inom Industrial Components\" \/>\n<meta property=\"og:description\" content=\"Industrial Components \u00e4r specialiserade p\u00e5 volymproduktion med h\u00f6gt st\u00e4llda krav p\u00e5 produktkvalitet och leveransprecision.\" \/>\n<meta property=\"og:url\" content=\"https:\/\/www.anva.se\/en\/industrial-components\/\" \/>\n<meta property=\"og:site_name\" content=\"AnVa\" \/>\n<meta property=\"article:modified_time\" content=\"2025-12-04T14:58:35+00:00\" \/>\n<meta property=\"og:image\" content=\"https:\/\/www.anva.se\/wp-content\/uploads\/2025\/11\/AO-Ind-Components-1.jpg\" \/>\n<meta name=\"twitter:card\" content=\"summary_large_image\" \/>\n<meta name=\"twitter:label1\" content=\"Estimated reading time\" \/>\n\t<meta name=\"twitter:data1\" content=\"3 minutes\" \/>\n<script type=\"application\/ld+json\" class=\"yoast-schema-graph\">{\"@context\":\"https:\\\/\\\/schema.org\",\"@graph\":[{\"@type\":\"WebPage\",\"@id\":\"https:\\\/\\\/www.anva.se\\\/en\\\/industrial-components\\\/\",\"url\":\"https:\\\/\\\/www.anva.se\\\/en\\\/industrial-components\\\/\",\"name\":\"V\u00e5ra bolag inom Industrial Components\",\"isPartOf\":{\"@id\":\"https:\\\/\\\/www.anva.se\\\/en\\\/#website\"},\"primaryImageOfPage\":{\"@id\":\"https:\\\/\\\/www.anva.se\\\/en\\\/industrial-components\\\/#primaryimage\"},\"image\":{\"@id\":\"https:\\\/\\\/www.anva.se\\\/en\\\/industrial-components\\\/#primaryimage\"},\"thumbnailUrl\":\"https:\\\/\\\/www.anva.se\\\/wp-content\\\/uploads\\\/2025\\\/11\\\/AO-Ind-Components-1.jpg\",\"datePublished\":\"2025-10-27T08:58:52+00:00\",\"dateModified\":\"2025-12-04T14:58:35+00:00\",\"description\":\"Industrial Components \u00e4r specialiserade p\u00e5 volymproduktion med h\u00f6gt st\u00e4llda krav p\u00e5 produktkvalitet och leveransprecision.\",\"breadcrumb\":{\"@id\":\"https:\\\/\\\/www.anva.se\\\/en\\\/industrial-components\\\/#breadcrumb\"},\"inLanguage\":\"en-GB\",\"potentialAction\":[{\"@type\":\"ReadAction\",\"target\":[\"https:\\\/\\\/www.anva.se\\\/en\\\/industrial-components\\\/\"]}]},{\"@type\":\"ImageObject\",\"inLanguage\":\"en-GB\",\"@id\":\"https:\\\/\\\/www.anva.se\\\/en\\\/industrial-components\\\/#primaryimage\",\"url\":\"https:\\\/\\\/www.anva.se\\\/wp-content\\\/uploads\\\/2025\\\/11\\\/AO-Ind-Components-1.jpg\",\"contentUrl\":\"https:\\\/\\\/www.anva.se\\\/wp-content\\\/uploads\\\/2025\\\/11\\\/AO-Ind-Components-1.jpg\"},{\"@type\":\"BreadcrumbList\",\"@id\":\"https:\\\/\\\/www.anva.se\\\/en\\\/industrial-components\\\/#breadcrumb\",\"itemListElement\":[{\"@type\":\"ListItem\",\"position\":1,\"name\":\"Hem\",\"item\":\"https:\\\/\\\/www.anva.se\\\/en\\\/\"},{\"@type\":\"ListItem\",\"position\":2,\"name\":\"Industrial Components\"}]},{\"@type\":\"WebSite\",\"@id\":\"https:\\\/\\\/www.anva.se\\\/en\\\/#website\",\"url\":\"https:\\\/\\\/www.anva.se\\\/en\\\/\",\"name\":\"AnVa\",\"description\":\"\",\"publisher\":{\"@id\":\"https:\\\/\\\/www.anva.se\\\/en\\\/#organization\"},\"potentialAction\":[{\"@type\":\"SearchAction\",\"target\":{\"@type\":\"EntryPoint\",\"urlTemplate\":\"https:\\\/\\\/www.anva.se\\\/en\\\/?s={search_term_string}\"},\"query-input\":{\"@type\":\"PropertyValueSpecification\",\"valueRequired\":true,\"valueName\":\"search_term_string\"}}],\"inLanguage\":\"en-GB\"},{\"@type\":\"Organization\",\"@id\":\"https:\\\/\\\/www.anva.se\\\/en\\\/#organization\",\"name\":\"AnVa\",\"url\":\"https:\\\/\\\/www.anva.se\\\/en\\\/\",\"logo\":{\"@type\":\"ImageObject\",\"inLanguage\":\"en-GB\",\"@id\":\"https:\\\/\\\/www.anva.se\\\/en\\\/#\\\/schema\\\/logo\\\/image\\\/\",\"url\":\"https:\\\/\\\/www.anva.se\\\/wp-content\\\/uploads\\\/2025\\\/10\\\/AnVanew.svg\",\"contentUrl\":\"https:\\\/\\\/www.anva.se\\\/wp-content\\\/uploads\\\/2025\\\/10\\\/AnVanew.svg\",\"caption\":\"AnVa\"},\"image\":{\"@id\":\"https:\\\/\\\/www.anva.se\\\/en\\\/#\\\/schema\\\/logo\\\/image\\\/\"}}]}<\/script>\n<!-- \/ Yoast SEO plugin. -->","yoast_head_json":{"title":"V\u00e5ra bolag inom Industrial Components","description":"Industrial Components \u00e4r specialiserade p\u00e5 volymproduktion med h\u00f6gt st\u00e4llda krav p\u00e5 produktkvalitet och leveransprecision.","robots":{"index":"index","follow":"follow","max-snippet":"max-snippet:-1","max-image-preview":"max-image-preview:large","max-video-preview":"max-video-preview:-1"},"canonical":"https:\/\/www.anva.se\/en\/industrial-components\/","og_locale":"en_GB","og_type":"article","og_title":"V\u00e5ra bolag inom Industrial Components","og_description":"Industrial Components \u00e4r specialiserade p\u00e5 volymproduktion med h\u00f6gt st\u00e4llda krav p\u00e5 produktkvalitet och leveransprecision.","og_url":"https:\/\/www.anva.se\/en\/industrial-components\/","og_site_name":"AnVa","article_modified_time":"2025-12-04T14:58:35+00:00","og_image":[{"url":"https:\/\/www.anva.se\/wp-content\/uploads\/2025\/11\/AO-Ind-Components-1.jpg","type":"","width":"","height":""}],"twitter_card":"summary_large_image","twitter_misc":{"Estimated reading time":"3 minutes"},"schema":{"@context":"https:\/\/schema.org","@graph":[{"@type":"WebPage","@id":"https:\/\/www.anva.se\/en\/industrial-components\/","url":"https:\/\/www.anva.se\/en\/industrial-components\/","name":"V\u00e5ra bolag inom Industrial Components","isPartOf":{"@id":"https:\/\/www.anva.se\/en\/#website"},"primaryImageOfPage":{"@id":"https:\/\/www.anva.se\/en\/industrial-components\/#primaryimage"},"image":{"@id":"https:\/\/www.anva.se\/en\/industrial-components\/#primaryimage"},"thumbnailUrl":"https:\/\/www.anva.se\/wp-content\/uploads\/2025\/11\/AO-Ind-Components-1.jpg","datePublished":"2025-10-27T08:58:52+00:00","dateModified":"2025-12-04T14:58:35+00:00","description":"Industrial Components \u00e4r specialiserade p\u00e5 volymproduktion med h\u00f6gt st\u00e4llda krav p\u00e5 produktkvalitet och leveransprecision.","breadcrumb":{"@id":"https:\/\/www.anva.se\/en\/industrial-components\/#breadcrumb"},"inLanguage":"en-GB","potentialAction":[{"@type":"ReadAction","target":["https:\/\/www.anva.se\/en\/industrial-components\/"]}]},{"@type":"ImageObject","inLanguage":"en-GB","@id":"https:\/\/www.anva.se\/en\/industrial-components\/#primaryimage","url":"https:\/\/www.anva.se\/wp-content\/uploads\/2025\/11\/AO-Ind-Components-1.jpg","contentUrl":"https:\/\/www.anva.se\/wp-content\/uploads\/2025\/11\/AO-Ind-Components-1.jpg"},{"@type":"BreadcrumbList","@id":"https:\/\/www.anva.se\/en\/industrial-components\/#breadcrumb","itemListElement":[{"@type":"ListItem","position":1,"name":"Hem","item":"https:\/\/www.anva.se\/en\/"},{"@type":"ListItem","position":2,"name":"Industrial Components"}]},{"@type":"WebSite","@id":"https:\/\/www.anva.se\/en\/#website","url":"https:\/\/www.anva.se\/en\/","name":"AnVa","description":"","publisher":{"@id":"https:\/\/www.anva.se\/en\/#organization"},"potentialAction":[{"@type":"SearchAction","target":{"@type":"EntryPoint","urlTemplate":"https:\/\/www.anva.se\/en\/?s={search_term_string}"},"query-input":{"@type":"PropertyValueSpecification","valueRequired":true,"valueName":"search_term_string"}}],"inLanguage":"en-GB"},{"@type":"Organization","@id":"https:\/\/www.anva.se\/en\/#organization","name":"AnVa","url":"https:\/\/www.anva.se\/en\/","logo":{"@type":"ImageObject","inLanguage":"en-GB","@id":"https:\/\/www.anva.se\/en\/#\/schema\/logo\/image\/","url":"https:\/\/www.anva.se\/wp-content\/uploads\/2025\/10\/AnVanew.svg","contentUrl":"https:\/\/www.anva.se\/wp-content\/uploads\/2025\/10\/AnVanew.svg","caption":"AnVa"},"image":{"@id":"https:\/\/www.anva.se\/en\/#\/schema\/logo\/image\/"}}]}},"_links":{"self":[{"href":"https:\/\/www.anva.se\/en\/wp-json\/wp\/v2\/pages\/609","targetHints":{"allow":["GET"]}}],"collection":[{"href":"https:\/\/www.anva.se\/en\/wp-json\/wp\/v2\/pages"}],"about":[{"href":"https:\/\/www.anva.se\/en\/wp-json\/wp\/v2\/types\/page"}],"author":[{"embeddable":true,"href":"https:\/\/www.anva.se\/en\/wp-json\/wp\/v2\/users\/1"}],"replies":[{"embeddable":true,"href":"https:\/\/www.anva.se\/en\/wp-json\/wp\/v2\/comments?post=609"}],"version-history":[{"count":40,"href":"https:\/\/www.anva.se\/en\/wp-json\/wp\/v2\/pages\/609\/revisions"}],"predecessor-version":[{"id":964,"href":"https:\/\/www.anva.se\/en\/wp-json\/wp\/v2\/pages\/609\/revisions\/964"}],"wp:attachment":[{"href":"https:\/\/www.anva.se\/en\/wp-json\/wp\/v2\/media?parent=609"}],"curies":[{"name":"wp","href":"https:\/\/api.w.org\/{rel}","templated":true}]}}