{"id":582,"date":"2025-10-24T16:16:11","date_gmt":"2025-10-24T14:16:11","guid":{"rendered":"http:\/\/anva.local\/?page_id=582"},"modified":"2025-11-11T11:11:05","modified_gmt":"2025-11-11T10:11:05","slug":"kontakta-oss","status":"publish","type":"page","link":"https:\/\/www.anva.se\/en\/kontakta-oss\/","title":{"rendered":"Kontakta Oss"},"content":{"rendered":"<div class=\"wp-block-columns alignfull is-separator is-layout-flex wp-container-core-columns-is-layout-9c22b1e3 wp-block-columns-is-layout-flex\" style=\"border-bottom-color:var(--wp--preset--color--light-grey);border-bottom-width:1px;--separator-width:1px;--separator-color:#D9D9D9\">\n<div class=\"wp-block-column is-layout-flow wp-block-column-is-layout-flow\" style=\"padding-top:var(--wp--preset--spacing--7-0);padding-right:var(--wp--preset--spacing--default-padding);padding-bottom:var(--wp--preset--spacing--1-5);padding-left:var(--wp--preset--spacing--default-padding)\">\n<h1 class=\"wp-block-heading\">Kontakta oss<\/h1>\n<\/div>\n\n\n\n<div class=\"wp-block-column is-layout-flow wp-block-column-is-layout-flow\" style=\"padding-top:var(--wp--preset--spacing--7-0);padding-right:var(--wp--preset--spacing--default-padding);padding-bottom:var(--wp--preset--spacing--1-5);padding-left:var(--wp--preset--spacing--default-padding);flex-basis:35%\">\n<p>Vill du komma i kontakt med Anva eller n\u00e5got av bolagen inom koncernen? Vi finns h\u00e4r f\u00f6r att svara p\u00e5 dina fr\u00e5gor, guida dig r\u00e4tt och hj\u00e4lpa till oavsett \u00e4rende. Tveka inte att h\u00f6ra av dig &#8211; vi \u00e5terkopplar s\u00e5 snart vi kan.<\/p>\n<\/div>\n<\/div>\n\n\n\n<div class=\"wp-block-columns alignfull is-separator is-layout-flex wp-container-core-columns-is-layout-9c22b1e3 wp-block-columns-is-layout-flex\" style=\"border-bottom-color:var(--wp--preset--color--light-grey);border-bottom-width:1px;--separator-width:1px;--separator-color:#D9D9D9\">\n<div class=\"wp-block-column is-layout-flow wp-container-core-column-is-layout-8740484c wp-block-column-is-layout-flow\" style=\"padding-top:var(--wp--preset--spacing--1-5);padding-right:var(--wp--preset--spacing--default-padding);padding-bottom:var(--wp--preset--spacing--1-5);padding-left:var(--wp--preset--spacing--default-padding);flex-basis:50%\">\n<div class=\"wp-block-group is-vertical is-layout-flex wp-container-core-group-is-layout-c6928c0d wp-block-group-is-layout-flex\">\n<h2 class=\"wp-block-heading has-heading-xs-font-size\">Bes\u00f6ksadress<\/h2>\n\n\n\n<p>AnVa Industries AB<br>Kopparbergsv\u00e4gen 10<br>722 13 V\u00e4ster\u00e5s<br>Sverige<\/p>\n<\/div>\n<\/div>\n\n\n\n<div class=\"wp-block-column is-layout-flow wp-block-column-is-layout-flow\" style=\"padding-top:var(--wp--preset--spacing--1-5);padding-right:var(--wp--preset--spacing--default-padding);padding-bottom:var(--wp--preset--spacing--1-5);padding-left:var(--wp--preset--spacing--default-padding);flex-basis:50%\">\n<figure class=\"wp-block-image size-large\"><img loading=\"lazy\" decoding=\"async\" width=\"768\" height=\"1024\" src=\"https:\/\/www.anva.se\/wp-content\/uploads\/2025\/10\/6f69bc7c4c0dede4162a82f54abceff48e454aa3-768x1024.png\" alt=\"\" class=\"wp-image-128\" style=\"aspect-ratio:4\/3;object-fit:cover\" srcset=\"https:\/\/www.anva.se\/wp-content\/uploads\/2025\/10\/6f69bc7c4c0dede4162a82f54abceff48e454aa3-768x1024.png 768w, https:\/\/www.anva.se\/wp-content\/uploads\/2025\/10\/6f69bc7c4c0dede4162a82f54abceff48e454aa3-225x300.png 225w, https:\/\/www.anva.se\/wp-content\/uploads\/2025\/10\/6f69bc7c4c0dede4162a82f54abceff48e454aa3.png 870w\" sizes=\"auto, (max-width: 768px) 100vw, 768px\" \/><\/figure>\n<\/div>\n<\/div>\n\n\n\n<div class=\"wp-block-columns alignfull has-secondary-3-background-color has-background is-separator is-layout-flex wp-container-core-columns-is-layout-7ee115f0 wp-block-columns-is-layout-flex\" style=\"border-top-color:var(--wp--preset--color--light-grey);border-top-width:1px;padding-top:0;padding-right:0;padding-bottom:0;padding-left:0;--separator-width:1px;--separator-color:#D9D9D9\">\n<div class=\"wp-block-column is-vertically-aligned-stretch has-brand-5-background-color has-background is-layout-flow wp-block-column-is-layout-flow\" style=\"padding-right:var(--wp--preset--spacing--1-5);padding-left:var(--wp--preset--spacing--1-5)\">\n<div class=\"wp-block-group is-nowrap is-layout-flex wp-container-core-group-is-layout-ea3761da wp-block-group-is-layout-flex\" style=\"margin-top:var(--wp--preset--spacing--auto)\">\n<figure class=\"wp-block-image size-full\"><img loading=\"lazy\" decoding=\"async\" width=\"204\" height=\"262\" src=\"https:\/\/www.anva.se\/wp-content\/uploads\/2025\/10\/image-34.png\" alt=\"\" class=\"wp-image-273\"\/><\/figure>\n\n\n\n<div class=\"wp-block-group is-vertical is-layout-flex wp-container-core-group-is-layout-e3f4d8d9 wp-block-group-is-layout-flex\" style=\"padding-top:var(--wp--preset--spacing--1-5);padding-bottom:var(--wp--preset--spacing--1-5)\">\n<h3 class=\"wp-block-heading has-heading-xs-font-size\">Per Vannesj\u00f6<\/h3>\n\n\n\n<p class=\"has-text-xs-font-size\" style=\"margin-top:var(--wp--preset--spacing--0-25)\">Styrelseordf\u00f6rande<\/p>\n\n\n\n<p class=\"has-heading-font-family\" style=\"margin-top:var(--wp--preset--spacing--1-0);font-style:normal;font-weight:600;line-height:1\"><a href=\"tel:460705722814\">+46 (0)70-572 28 14<\/a><\/p>\n\n\n\n<p class=\"has-heading-font-family\" style=\"margin-top:var(--wp--preset--spacing--0-50);font-style:normal;font-weight:600;line-height:1\"><a href=\"mailto:per.vannesjo@amymone.se\">per.vannesjo@amymone.se<\/a><\/p>\n<\/div>\n<\/div>\n<\/div>\n\n\n\n<div class=\"wp-block-column is-vertically-aligned-stretch has-brand-5-background-color has-background is-layout-flow wp-block-column-is-layout-flow\" style=\"padding-right:var(--wp--preset--spacing--1-5);padding-left:var(--wp--preset--spacing--1-5)\">\n<div class=\"wp-block-group is-nowrap is-layout-flex wp-container-core-group-is-layout-ea3761da wp-block-group-is-layout-flex\" style=\"margin-top:var(--wp--preset--spacing--auto)\">\n<figure class=\"wp-block-image size-full\"><img loading=\"lazy\" decoding=\"async\" width=\"204\" height=\"262\" src=\"https:\/\/www.anva.se\/wp-content\/uploads\/2025\/10\/image-34-1.png\" alt=\"\" class=\"wp-image-272\"\/><\/figure>\n\n\n\n<div class=\"wp-block-group is-vertical is-layout-flex wp-container-core-group-is-layout-e3f4d8d9 wp-block-group-is-layout-flex\" style=\"padding-top:var(--wp--preset--spacing--1-5);padding-bottom:var(--wp--preset--spacing--1-5)\">\n<h3 class=\"wp-block-heading has-heading-xs-font-size\">Lars Christiansson<\/h3>\n\n\n\n<p class=\"has-text-xs-font-size\" style=\"margin-top:var(--wp--preset--spacing--0-25)\">Koncernchef\/CEO<\/p>\n\n\n\n<p class=\"has-heading-font-family\" style=\"margin-top:var(--wp--preset--spacing--1-0);font-style:normal;font-weight:600;line-height:1\"><a href=\"tel:460703216204\">+46 (0)70 3216204<\/a><\/p>\n\n\n\n<p class=\"has-heading-font-family\" style=\"margin-top:var(--wp--preset--spacing--0-50);font-style:normal;font-weight:600;line-height:1\"><a href=\"mailto:lars.christiansson@anva.se\">lars.christiansson@anva.se<\/a><\/p>\n<\/div>\n<\/div>\n<\/div>\n\n\n\n<div class=\"wp-block-column is-vertically-aligned-stretch has-brand-5-background-color has-background is-layout-flow wp-block-column-is-layout-flow\" style=\"padding-right:var(--wp--preset--spacing--1-5);padding-left:var(--wp--preset--spacing--1-5)\">\n<div class=\"wp-block-group is-nowrap is-layout-flex wp-container-core-group-is-layout-ea3761da wp-block-group-is-layout-flex\" style=\"margin-top:var(--wp--preset--spacing--auto)\">\n<figure class=\"wp-block-image size-full\"><img loading=\"lazy\" decoding=\"async\" width=\"204\" height=\"262\" src=\"https:\/\/www.anva.se\/wp-content\/uploads\/2025\/10\/image-34-2.png\" alt=\"\" class=\"wp-image-271\"\/><\/figure>\n\n\n\n<div class=\"wp-block-group is-vertical is-layout-flex wp-container-core-group-is-layout-e3f4d8d9 wp-block-group-is-layout-flex\" style=\"padding-top:var(--wp--preset--spacing--1-5);padding-bottom:var(--wp--preset--spacing--1-5)\">\n<h3 class=\"wp-block-heading has-heading-xs-font-size\">Binella Vannesj\u00f6<\/h3>\n\n\n\n<p class=\"has-text-xs-font-size\" style=\"margin-top:var(--wp--preset--spacing--0-25)\">Sustainability Director<\/p>\n\n\n\n<p class=\"has-heading-font-family\" style=\"margin-top:var(--wp--preset--spacing--1-0);font-style:normal;font-weight:600;line-height:1\"><a href=\"tel:460704673115\">+46 (0)70-467 31 15<\/a><\/p>\n\n\n\n<p class=\"has-heading-font-family\" style=\"margin-top:var(--wp--preset--spacing--0-50);font-style:normal;font-weight:600;line-height:1\"><a href=\"mailto:binella.vannesjo@anva.se\">binella.vannesjo@anva.se<\/a><\/p>\n<\/div>\n<\/div>\n<\/div>\n<\/div>","protected":false},"excerpt":{"rendered":"<p>Kontakta oss Vill du komma i kontakt med Anva eller n\u00e5got av bolagen inom koncernen? Vi finns h\u00e4r f\u00f6r att svara p\u00e5 dina fr\u00e5gor, guida dig r\u00e4tt och hj\u00e4lpa till oavsett \u00e4rende. Tveka inte att h\u00f6ra av dig &#8211; vi \u00e5terkopplar s\u00e5 snart vi kan. Bes\u00f6ksadress AnVa Industries ABKopparbergsv\u00e4gen 10722 13 V\u00e4ster\u00e5sSverige Per Vannesj\u00f6 Styrelseordf\u00f6rande [&hellip;]<\/p>\n","protected":false},"author":1,"featured_media":0,"parent":0,"menu_order":0,"comment_status":"closed","ping_status":"closed","template":"wp-custom-template-index-utan-kontakta-oss","meta":{"footnotes":""},"class_list":["post-582","page","type-page","status-publish","hentry"],"yoast_head":"<!-- This site is optimized with the Yoast SEO plugin v27.5 - https:\/\/yoast.com\/product\/yoast-seo-wordpress\/ -->\n<title>Kontakta oss \u2013 AnVa Industries AB<\/title>\n<meta name=\"description\" content=\"Vill du komma i kontakt med Anva eller n\u00e5got av bolagen inom koncernen? Vi finns h\u00e4r f\u00f6r att svara p\u00e5 dina fr\u00e5gor, guida dig r\u00e4tt och hj\u00e4lpa till oavsett \u00e4rende.\" \/>\n<meta name=\"robots\" content=\"index, follow, max-snippet:-1, max-image-preview:large, max-video-preview:-1\" \/>\n<link rel=\"canonical\" href=\"https:\/\/www.anva.se\/en\/kontakta-oss\/\" \/>\n<meta property=\"og:locale\" content=\"en_GB\" \/>\n<meta property=\"og:type\" content=\"article\" \/>\n<meta property=\"og:title\" content=\"Kontakta oss \u2013 AnVa Industries AB\" \/>\n<meta property=\"og:description\" content=\"Vill du komma i kontakt med Anva eller n\u00e5got av bolagen inom koncernen? Vi finns h\u00e4r f\u00f6r att svara p\u00e5 dina fr\u00e5gor, guida dig r\u00e4tt och hj\u00e4lpa till oavsett \u00e4rende.\" \/>\n<meta property=\"og:url\" content=\"https:\/\/www.anva.se\/en\/kontakta-oss\/\" \/>\n<meta property=\"og:site_name\" content=\"AnVa\" \/>\n<meta property=\"article:modified_time\" content=\"2025-11-11T10:11:05+00:00\" \/>\n<meta property=\"og:image\" content=\"https:\/\/www.anva.se\/wp-content\/uploads\/2025\/10\/6f69bc7c4c0dede4162a82f54abceff48e454aa3-768x1024.png\" \/>\n<meta name=\"twitter:card\" content=\"summary_large_image\" \/>\n<meta name=\"twitter:label1\" content=\"Estimated reading time\" \/>\n\t<meta name=\"twitter:data1\" content=\"2 minutes\" \/>\n<script type=\"application\/ld+json\" class=\"yoast-schema-graph\">{\"@context\":\"https:\\\/\\\/schema.org\",\"@graph\":[{\"@type\":\"WebPage\",\"@id\":\"https:\\\/\\\/www.anva.se\\\/en\\\/kontakta-oss\\\/\",\"url\":\"https:\\\/\\\/www.anva.se\\\/en\\\/kontakta-oss\\\/\",\"name\":\"Kontakta oss \u2013 AnVa Industries AB\",\"isPartOf\":{\"@id\":\"https:\\\/\\\/www.anva.se\\\/en\\\/#website\"},\"primaryImageOfPage\":{\"@id\":\"https:\\\/\\\/www.anva.se\\\/en\\\/kontakta-oss\\\/#primaryimage\"},\"image\":{\"@id\":\"https:\\\/\\\/www.anva.se\\\/en\\\/kontakta-oss\\\/#primaryimage\"},\"thumbnailUrl\":\"https:\\\/\\\/www.anva.se\\\/wp-content\\\/uploads\\\/2025\\\/10\\\/6f69bc7c4c0dede4162a82f54abceff48e454aa3-768x1024.png\",\"datePublished\":\"2025-10-24T14:16:11+00:00\",\"dateModified\":\"2025-11-11T10:11:05+00:00\",\"description\":\"Vill du komma i kontakt med Anva eller n\u00e5got av bolagen inom koncernen? Vi finns h\u00e4r f\u00f6r att svara p\u00e5 dina fr\u00e5gor, guida dig r\u00e4tt och hj\u00e4lpa till oavsett \u00e4rende.\",\"breadcrumb\":{\"@id\":\"https:\\\/\\\/www.anva.se\\\/en\\\/kontakta-oss\\\/#breadcrumb\"},\"inLanguage\":\"en-GB\",\"potentialAction\":[{\"@type\":\"ReadAction\",\"target\":[\"https:\\\/\\\/www.anva.se\\\/en\\\/kontakta-oss\\\/\"]}]},{\"@type\":\"ImageObject\",\"inLanguage\":\"en-GB\",\"@id\":\"https:\\\/\\\/www.anva.se\\\/en\\\/kontakta-oss\\\/#primaryimage\",\"url\":\"https:\\\/\\\/www.anva.se\\\/wp-content\\\/uploads\\\/2025\\\/10\\\/6f69bc7c4c0dede4162a82f54abceff48e454aa3-768x1024.png\",\"contentUrl\":\"https:\\\/\\\/www.anva.se\\\/wp-content\\\/uploads\\\/2025\\\/10\\\/6f69bc7c4c0dede4162a82f54abceff48e454aa3-768x1024.png\"},{\"@type\":\"BreadcrumbList\",\"@id\":\"https:\\\/\\\/www.anva.se\\\/en\\\/kontakta-oss\\\/#breadcrumb\",\"itemListElement\":[{\"@type\":\"ListItem\",\"position\":1,\"name\":\"Hem\",\"item\":\"https:\\\/\\\/www.anva.se\\\/en\\\/\"},{\"@type\":\"ListItem\",\"position\":2,\"name\":\"Kontakta Oss\"}]},{\"@type\":\"WebSite\",\"@id\":\"https:\\\/\\\/www.anva.se\\\/en\\\/#website\",\"url\":\"https:\\\/\\\/www.anva.se\\\/en\\\/\",\"name\":\"AnVa\",\"description\":\"\",\"publisher\":{\"@id\":\"https:\\\/\\\/www.anva.se\\\/en\\\/#organization\"},\"potentialAction\":[{\"@type\":\"SearchAction\",\"target\":{\"@type\":\"EntryPoint\",\"urlTemplate\":\"https:\\\/\\\/www.anva.se\\\/en\\\/?s={search_term_string}\"},\"query-input\":{\"@type\":\"PropertyValueSpecification\",\"valueRequired\":true,\"valueName\":\"search_term_string\"}}],\"inLanguage\":\"en-GB\"},{\"@type\":\"Organization\",\"@id\":\"https:\\\/\\\/www.anva.se\\\/en\\\/#organization\",\"name\":\"AnVa\",\"url\":\"https:\\\/\\\/www.anva.se\\\/en\\\/\",\"logo\":{\"@type\":\"ImageObject\",\"inLanguage\":\"en-GB\",\"@id\":\"https:\\\/\\\/www.anva.se\\\/en\\\/#\\\/schema\\\/logo\\\/image\\\/\",\"url\":\"https:\\\/\\\/www.anva.se\\\/wp-content\\\/uploads\\\/2025\\\/10\\\/AnVanew.svg\",\"contentUrl\":\"https:\\\/\\\/www.anva.se\\\/wp-content\\\/uploads\\\/2025\\\/10\\\/AnVanew.svg\",\"caption\":\"AnVa\"},\"image\":{\"@id\":\"https:\\\/\\\/www.anva.se\\\/en\\\/#\\\/schema\\\/logo\\\/image\\\/\"}}]}<\/script>\n<!-- \/ Yoast SEO plugin. -->","yoast_head_json":{"title":"Kontakta oss \u2013 AnVa Industries AB","description":"Vill du komma i kontakt med Anva eller n\u00e5got av bolagen inom koncernen? Vi finns h\u00e4r f\u00f6r att svara p\u00e5 dina fr\u00e5gor, guida dig r\u00e4tt och hj\u00e4lpa till oavsett \u00e4rende.","robots":{"index":"index","follow":"follow","max-snippet":"max-snippet:-1","max-image-preview":"max-image-preview:large","max-video-preview":"max-video-preview:-1"},"canonical":"https:\/\/www.anva.se\/en\/kontakta-oss\/","og_locale":"en_GB","og_type":"article","og_title":"Kontakta oss \u2013 AnVa Industries AB","og_description":"Vill du komma i kontakt med Anva eller n\u00e5got av bolagen inom koncernen? Vi finns h\u00e4r f\u00f6r att svara p\u00e5 dina fr\u00e5gor, guida dig r\u00e4tt och hj\u00e4lpa till oavsett \u00e4rende.","og_url":"https:\/\/www.anva.se\/en\/kontakta-oss\/","og_site_name":"AnVa","article_modified_time":"2025-11-11T10:11:05+00:00","og_image":[{"url":"https:\/\/www.anva.se\/wp-content\/uploads\/2025\/10\/6f69bc7c4c0dede4162a82f54abceff48e454aa3-768x1024.png","type":"","width":"","height":""}],"twitter_card":"summary_large_image","twitter_misc":{"Estimated reading time":"2 minutes"},"schema":{"@context":"https:\/\/schema.org","@graph":[{"@type":"WebPage","@id":"https:\/\/www.anva.se\/en\/kontakta-oss\/","url":"https:\/\/www.anva.se\/en\/kontakta-oss\/","name":"Kontakta oss \u2013 AnVa Industries AB","isPartOf":{"@id":"https:\/\/www.anva.se\/en\/#website"},"primaryImageOfPage":{"@id":"https:\/\/www.anva.se\/en\/kontakta-oss\/#primaryimage"},"image":{"@id":"https:\/\/www.anva.se\/en\/kontakta-oss\/#primaryimage"},"thumbnailUrl":"https:\/\/www.anva.se\/wp-content\/uploads\/2025\/10\/6f69bc7c4c0dede4162a82f54abceff48e454aa3-768x1024.png","datePublished":"2025-10-24T14:16:11+00:00","dateModified":"2025-11-11T10:11:05+00:00","description":"Vill du komma i kontakt med Anva eller n\u00e5got av bolagen inom koncernen? Vi finns h\u00e4r f\u00f6r att svara p\u00e5 dina fr\u00e5gor, guida dig r\u00e4tt och hj\u00e4lpa till oavsett \u00e4rende.","breadcrumb":{"@id":"https:\/\/www.anva.se\/en\/kontakta-oss\/#breadcrumb"},"inLanguage":"en-GB","potentialAction":[{"@type":"ReadAction","target":["https:\/\/www.anva.se\/en\/kontakta-oss\/"]}]},{"@type":"ImageObject","inLanguage":"en-GB","@id":"https:\/\/www.anva.se\/en\/kontakta-oss\/#primaryimage","url":"https:\/\/www.anva.se\/wp-content\/uploads\/2025\/10\/6f69bc7c4c0dede4162a82f54abceff48e454aa3-768x1024.png","contentUrl":"https:\/\/www.anva.se\/wp-content\/uploads\/2025\/10\/6f69bc7c4c0dede4162a82f54abceff48e454aa3-768x1024.png"},{"@type":"BreadcrumbList","@id":"https:\/\/www.anva.se\/en\/kontakta-oss\/#breadcrumb","itemListElement":[{"@type":"ListItem","position":1,"name":"Hem","item":"https:\/\/www.anva.se\/en\/"},{"@type":"ListItem","position":2,"name":"Kontakta Oss"}]},{"@type":"WebSite","@id":"https:\/\/www.anva.se\/en\/#website","url":"https:\/\/www.anva.se\/en\/","name":"AnVa","description":"","publisher":{"@id":"https:\/\/www.anva.se\/en\/#organization"},"potentialAction":[{"@type":"SearchAction","target":{"@type":"EntryPoint","urlTemplate":"https:\/\/www.anva.se\/en\/?s={search_term_string}"},"query-input":{"@type":"PropertyValueSpecification","valueRequired":true,"valueName":"search_term_string"}}],"inLanguage":"en-GB"},{"@type":"Organization","@id":"https:\/\/www.anva.se\/en\/#organization","name":"AnVa","url":"https:\/\/www.anva.se\/en\/","logo":{"@type":"ImageObject","inLanguage":"en-GB","@id":"https:\/\/www.anva.se\/en\/#\/schema\/logo\/image\/","url":"https:\/\/www.anva.se\/wp-content\/uploads\/2025\/10\/AnVanew.svg","contentUrl":"https:\/\/www.anva.se\/wp-content\/uploads\/2025\/10\/AnVanew.svg","caption":"AnVa"},"image":{"@id":"https:\/\/www.anva.se\/en\/#\/schema\/logo\/image\/"}}]}},"_links":{"self":[{"href":"https:\/\/www.anva.se\/en\/wp-json\/wp\/v2\/pages\/582","targetHints":{"allow":["GET"]}}],"collection":[{"href":"https:\/\/www.anva.se\/en\/wp-json\/wp\/v2\/pages"}],"about":[{"href":"https:\/\/www.anva.se\/en\/wp-json\/wp\/v2\/types\/page"}],"author":[{"embeddable":true,"href":"https:\/\/www.anva.se\/en\/wp-json\/wp\/v2\/users\/1"}],"replies":[{"embeddable":true,"href":"https:\/\/www.anva.se\/en\/wp-json\/wp\/v2\/comments?post=582"}],"version-history":[{"count":13,"href":"https:\/\/www.anva.se\/en\/wp-json\/wp\/v2\/pages\/582\/revisions"}],"predecessor-version":[{"id":923,"href":"https:\/\/www.anva.se\/en\/wp-json\/wp\/v2\/pages\/582\/revisions\/923"}],"wp:attachment":[{"href":"https:\/\/www.anva.se\/en\/wp-json\/wp\/v2\/media?parent=582"}],"curies":[{"name":"wp","href":"https:\/\/api.w.org\/{rel}","templated":true}]}}