{"id":497,"date":"2025-10-10T13:48:35","date_gmt":"2025-10-10T11:48:35","guid":{"rendered":"http:\/\/anva.local\/?page_id=497"},"modified":"2025-12-04T16:15:05","modified_gmt":"2025-12-04T15:15:05","slug":"karriar","status":"publish","type":"page","link":"https:\/\/www.anva.se\/en\/karriar\/","title":{"rendered":"Karri\u00e4r"},"content":{"rendered":"<div class=\"wp-block-group alignfull has-black-color has-brand-5-background-color has-text-color has-background has-link-color wp-elements-ad91e3275b98c0f325eb2cc79bcd31ca has-global-padding is-layout-constrained wp-container-core-group-is-layout-0bed0f9c wp-block-group-is-layout-constrained\" style=\"padding-top:var(--wp--preset--spacing--7-0);padding-bottom:0\">\n<div class=\"wp-block-group is-content-justification-space-between is-layout-flex wp-container-core-group-is-layout-a7922438 wp-block-group-is-layout-flex\">\n<h1 class=\"wp-block-heading\">Jobba hos oss<\/h1>\n\n\n\n<div class=\"wp-block-group has-global-padding is-layout-constrained wp-container-core-group-is-layout-3b427a9f wp-block-group-is-layout-constrained\">\n<p>P\u00e5 AnVa \u00e4r v\u00e5ra medarbetare v\u00e5r st\u00f6rsta styrka. Vi erbjuder en trygg arbetsmilj\u00f6 d\u00e4r engagemang, utveckling och lagarbete st\u00e5r i centrum. Tillsammans bygger vi framtidens industri.<\/p>\n<\/div>\n<\/div>\n\n\n\n<div class=\"wp-block-cover alignfull is-light height-desktop-50 height-tablet-50 height-mobile-50\"><img loading=\"lazy\" decoding=\"async\" width=\"2560\" height=\"1708\" class=\"wp-block-cover__image-background wp-image-774 size-full\" alt=\"\" src=\"https:\/\/www.anva.se\/wp-content\/uploads\/2025\/11\/hallbarhet-scaled.jpg\" data-object-fit=\"cover\" srcset=\"https:\/\/www.anva.se\/wp-content\/uploads\/2025\/11\/hallbarhet-scaled.jpg 2560w, https:\/\/www.anva.se\/wp-content\/uploads\/2025\/11\/hallbarhet-300x200.jpg 300w, https:\/\/www.anva.se\/wp-content\/uploads\/2025\/11\/hallbarhet-1024x683.jpg 1024w, https:\/\/www.anva.se\/wp-content\/uploads\/2025\/11\/hallbarhet-768x512.jpg 768w, https:\/\/www.anva.se\/wp-content\/uploads\/2025\/11\/hallbarhet-1536x1025.jpg 1536w, https:\/\/www.anva.se\/wp-content\/uploads\/2025\/11\/hallbarhet-2048x1366.jpg 2048w\" sizes=\"auto, (max-width: 2560px) 100vw, 2560px\" \/><span aria-hidden=\"true\" class=\"wp-block-cover__background has-background-dim-0 has-background-dim\" style=\"background-color:#929599\"><\/span><div class=\"wp-block-cover__inner-container has-global-padding is-layout-constrained wp-block-cover-is-layout-constrained\">\n<p class=\"has-text-align-center has-large-font-size\"><\/p>\n<\/div><\/div>\n<\/div>\n\n\n\n<div class=\"wp-block-group alignfull has-black-color has-brand-5-background-color has-text-color has-background has-link-color wp-elements-b9605d7f4ad9ee132243206923549f3e has-global-padding is-layout-constrained wp-container-core-group-is-layout-ebd9573b wp-block-group-is-layout-constrained\" style=\"padding-top:0;padding-right:0;padding-bottom:0;padding-left:0\">\n<div class=\"wp-block-columns is-separator is-layout-flex wp-container-core-columns-is-layout-28232c24 wp-block-columns-is-layout-flex\" style=\"--separator-width:1px;--separator-color:#D9D9D9\">\n<div class=\"wp-block-column is-layout-flow wp-block-column-is-layout-flow\" style=\"padding-top:0;padding-right:var(--wp--preset--spacing--default-padding);padding-bottom:var(--wp--preset--spacing--1-5);padding-left:var(--wp--preset--spacing--default-padding);flex-basis:33.33%\">\n<div class=\"wp-block-group is-sticky has-global-padding is-layout-constrained wp-block-group-is-layout-constrained\" style=\"padding-top:var(--wp--preset--spacing--7-0)\">\n<h1 class=\"wp-block-heading has-heading-lg-font-size\">Tillsammans formar vi framtidens industri<\/h1>\n\n\n\n<p>Hos AnVa tror vi p\u00e5 samarbete, utveckling och l\u00e5ngsiktighet. Vi s\u00f6ker m\u00e4nniskor som vill v\u00e4xa med oss \u2013 som drivs av teknik, kvalitet och att g\u00f6ra verklig skillnad i en h\u00e5llbar industri.<\/p>\n<\/div>\n<\/div>\n\n\n\n<div class=\"wp-block-column is-layout-flow wp-block-column-is-layout-flow\" style=\"padding-top:var(--wp--preset--spacing--7-0);flex-basis:66.66%\">\n<div class=\"wp-block-group is-hidden-mobile is-hidden-desktop has-global-padding is-layout-constrained wp-container-core-group-is-layout-52c54683 wp-block-group-is-layout-constrained\" style=\"border-bottom-color:var(--wp--preset--color--light-grey);border-bottom-width:1px;padding-right:var(--wp--preset--spacing--default-padding);padding-bottom:var(--wp--preset--spacing--3-0);padding-left:var(--wp--preset--spacing--default-padding)\">\n<h3 class=\"wp-block-heading has-heading-sm-font-size\">Vi har tyv\u00e4rr inga lediga tj\u00e4nster just nu<\/h3>\n\n\n\n<p>F\u00f6r tillf\u00e4llet har vi inga \u00f6ppna positioner, men vi \u00e4r alltid intresserade av att komma i kontakt med engagerade och nyfikna m\u00e4nniskor.<br><br>Skicka g\u00e4rna in en spontanans\u00f6kan h\u00e4r nere och ber\u00e4tta varf\u00f6r du vill bli en del av v\u00e5rt team. Vi h\u00f6r g\u00e4rna fr\u00e5n dig!<\/p>\n<\/div>\n\n\n\n<div class=\"wp-block-group has-global-padding is-layout-constrained wp-container-core-group-is-layout-bc659d70 wp-block-group-is-layout-constrained\" style=\"border-bottom-color:var(--wp--preset--color--light-grey);border-bottom-width:1px;padding-top:var(--wp--preset--spacing--3-0);padding-right:var(--wp--preset--spacing--default-padding);padding-bottom:var(--wp--preset--spacing--3-0);padding-left:var(--wp--preset--spacing--default-padding)\">\n<h3 class=\"wp-block-heading has-heading-sm-font-size\">Planeringsansvarig<\/h3>\n\n\n\n<p>Vi s\u00f6ker en planeringsansvarig till AnVa Titech System AB i Tidaholm.<\/p>\n\n\n\n<div class=\"wp-block-group is-nowrap is-layout-flex wp-container-core-group-is-layout-e74df211 wp-block-group-is-layout-flex\" style=\"margin-top:var(--wp--preset--spacing--1-5)\">\n<div class=\"wp-block-group is-nowrap is-layout-flex wp-container-core-group-is-layout-b3fe10f8 wp-block-group-is-layout-flex\">\n<figure class=\"wp-block-image size-full\"><img decoding=\"async\" src=\"https:\/\/www.anva.se\/wp-content\/uploads\/2025\/10\/schedule.svg\" alt=\"\" class=\"wp-image-750\"\/><\/figure>\n\n\n\n<p>Heltid<\/p>\n<\/div>\n\n\n\n<div class=\"wp-block-group is-nowrap is-layout-flex wp-container-core-group-is-layout-b3fe10f8 wp-block-group-is-layout-flex\">\n<figure class=\"wp-block-image size-full\"><img decoding=\"async\" src=\"https:\/\/www.anva.se\/wp-content\/uploads\/2025\/10\/location_on.svg\" alt=\"\" class=\"wp-image-749\"\/><\/figure>\n\n\n\n<p>Tidaholm<\/p>\n<\/div>\n<\/div>\n\n\n\n<div class=\"wp-block-buttons is-layout-flex wp-block-buttons-is-layout-flex\">\n<div class=\"wp-block-button is-style-link is-style-link--1\"><a class=\"wp-block-button__link wp-element-button\" href=\"https:\/\/titech.anva.se\/planeringsansvarig\">L\u00e4s mer h\u00e4r<\/a><\/div>\n<\/div>\n<\/div>\n\n\n\n<div class=\"wp-block-group has-white-color has-accent-background-color has-text-color has-background has-link-color wp-elements-708e61344e7e1b5456a35c05449bef14 has-global-padding is-layout-constrained wp-container-core-group-is-layout-bc659d70 wp-block-group-is-layout-constrained\" style=\"padding-top:var(--wp--preset--spacing--3-0);padding-right:var(--wp--preset--spacing--default-padding);padding-bottom:var(--wp--preset--spacing--3-0);padding-left:var(--wp--preset--spacing--default-padding)\">\n<h3 class=\"wp-block-heading has-heading-sm-font-size\">Hittar du inte en annons som passar dig?<\/h3>\n\n\n\n<p>Vi letar alltid efter smarta och engagerade m\u00e4nniskor. Skicka ditt CV s\u00e5 tar vi ett samtal \u2013 vi ser fram emot att tr\u00e4ffa dig!<\/p>\n\n\n\n<div class=\"wp-block-buttons is-layout-flex wp-block-buttons-is-layout-flex\">\n<div class=\"wp-block-button is-style-primary\"><a class=\"wp-block-button__link has-accent-color has-white-background-color has-text-color has-background has-link-color wp-element-button\" href=\"mailto:mikael.helgevall@anva.se\">Skicka in CV<img decoding=\"async\" class=\"wp-image-138\" style=\"width: NaNpx;\" src=\"https:\/\/www.anva.se\/wp-content\/uploads\/2025\/10\/Frame.svg\" alt=\"\"><\/a><\/div>\n<\/div>\n<\/div>\n<\/div>\n<\/div>\n<\/div>","protected":false},"excerpt":{"rendered":"<p>Jobba hos oss P\u00e5 AnVa \u00e4r v\u00e5ra medarbetare v\u00e5r st\u00f6rsta styrka. Vi erbjuder en trygg arbetsmilj\u00f6 d\u00e4r engagemang, utveckling och lagarbete st\u00e5r i centrum. Tillsammans bygger vi framtidens industri. Tillsammans formar vi framtidens industri Hos AnVa tror vi p\u00e5 samarbete, utveckling och l\u00e5ngsiktighet. Vi s\u00f6ker m\u00e4nniskor som vill v\u00e4xa med oss \u2013 som drivs av [&hellip;]<\/p>\n","protected":false},"author":1,"featured_media":0,"parent":0,"menu_order":0,"comment_status":"closed","ping_status":"closed","template":"","meta":{"footnotes":""},"class_list":["post-497","page","type-page","status-publish","hentry"],"yoast_head":"<!-- This site is optimized with the Yoast SEO plugin v27.5 - https:\/\/yoast.com\/product\/yoast-seo-wordpress\/ -->\n<title>Karri\u00e4r \u2013 Jobba hos oss p\u00e5 AnVa Industries<\/title>\n<meta name=\"description\" content=\"P\u00e5 AnVa \u00e4r v\u00e5ra medarbetare v\u00e5r st\u00f6rsta styrka. Vi erbjuder en trygg arbetsmilj\u00f6 d\u00e4r engagemang, utveckling och lagarbete st\u00e5r i centrum.\" \/>\n<meta name=\"robots\" content=\"index, follow, max-snippet:-1, max-image-preview:large, max-video-preview:-1\" \/>\n<link rel=\"canonical\" href=\"https:\/\/www.anva.se\/en\/karriar\/\" \/>\n<meta property=\"og:locale\" content=\"en_GB\" \/>\n<meta property=\"og:type\" content=\"article\" \/>\n<meta property=\"og:title\" content=\"Karri\u00e4r \u2013 Jobba hos oss p\u00e5 AnVa Industries\" \/>\n<meta property=\"og:description\" content=\"P\u00e5 AnVa \u00e4r v\u00e5ra medarbetare v\u00e5r st\u00f6rsta styrka. Vi erbjuder en trygg arbetsmilj\u00f6 d\u00e4r engagemang, utveckling och lagarbete st\u00e5r i centrum.\" \/>\n<meta property=\"og:url\" content=\"https:\/\/www.anva.se\/en\/karriar\/\" \/>\n<meta property=\"og:site_name\" content=\"AnVa\" \/>\n<meta property=\"article:modified_time\" content=\"2025-12-04T15:15:05+00:00\" \/>\n<meta property=\"og:image\" content=\"https:\/\/www.anva.se\/wp-content\/uploads\/2025\/11\/hallbarhet-scaled.jpg\" \/>\n<meta name=\"twitter:card\" content=\"summary_large_image\" \/>\n<meta name=\"twitter:label1\" content=\"Estimated reading time\" \/>\n\t<meta name=\"twitter:data1\" content=\"2 minutes\" \/>\n<script type=\"application\/ld+json\" class=\"yoast-schema-graph\">{\"@context\":\"https:\\\/\\\/schema.org\",\"@graph\":[{\"@type\":\"WebPage\",\"@id\":\"https:\\\/\\\/www.anva.se\\\/en\\\/karriar\\\/\",\"url\":\"https:\\\/\\\/www.anva.se\\\/en\\\/karriar\\\/\",\"name\":\"Karri\u00e4r \u2013 Jobba hos oss p\u00e5 AnVa Industries\",\"isPartOf\":{\"@id\":\"https:\\\/\\\/www.anva.se\\\/en\\\/#website\"},\"primaryImageOfPage\":{\"@id\":\"https:\\\/\\\/www.anva.se\\\/en\\\/karriar\\\/#primaryimage\"},\"image\":{\"@id\":\"https:\\\/\\\/www.anva.se\\\/en\\\/karriar\\\/#primaryimage\"},\"thumbnailUrl\":\"https:\\\/\\\/www.anva.se\\\/wp-content\\\/uploads\\\/2025\\\/11\\\/hallbarhet-scaled.jpg\",\"datePublished\":\"2025-10-10T11:48:35+00:00\",\"dateModified\":\"2025-12-04T15:15:05+00:00\",\"description\":\"P\u00e5 AnVa \u00e4r v\u00e5ra medarbetare v\u00e5r st\u00f6rsta styrka. Vi erbjuder en trygg arbetsmilj\u00f6 d\u00e4r engagemang, utveckling och lagarbete st\u00e5r i centrum.\",\"breadcrumb\":{\"@id\":\"https:\\\/\\\/www.anva.se\\\/en\\\/karriar\\\/#breadcrumb\"},\"inLanguage\":\"en-GB\",\"potentialAction\":[{\"@type\":\"ReadAction\",\"target\":[\"https:\\\/\\\/www.anva.se\\\/en\\\/karriar\\\/\"]}]},{\"@type\":\"ImageObject\",\"inLanguage\":\"en-GB\",\"@id\":\"https:\\\/\\\/www.anva.se\\\/en\\\/karriar\\\/#primaryimage\",\"url\":\"https:\\\/\\\/www.anva.se\\\/wp-content\\\/uploads\\\/2025\\\/11\\\/hallbarhet-scaled.jpg\",\"contentUrl\":\"https:\\\/\\\/www.anva.se\\\/wp-content\\\/uploads\\\/2025\\\/11\\\/hallbarhet-scaled.jpg\"},{\"@type\":\"BreadcrumbList\",\"@id\":\"https:\\\/\\\/www.anva.se\\\/en\\\/karriar\\\/#breadcrumb\",\"itemListElement\":[{\"@type\":\"ListItem\",\"position\":1,\"name\":\"Hem\",\"item\":\"https:\\\/\\\/www.anva.se\\\/en\\\/\"},{\"@type\":\"ListItem\",\"position\":2,\"name\":\"Karri\u00e4r\"}]},{\"@type\":\"WebSite\",\"@id\":\"https:\\\/\\\/www.anva.se\\\/en\\\/#website\",\"url\":\"https:\\\/\\\/www.anva.se\\\/en\\\/\",\"name\":\"AnVa\",\"description\":\"\",\"publisher\":{\"@id\":\"https:\\\/\\\/www.anva.se\\\/en\\\/#organization\"},\"potentialAction\":[{\"@type\":\"SearchAction\",\"target\":{\"@type\":\"EntryPoint\",\"urlTemplate\":\"https:\\\/\\\/www.anva.se\\\/en\\\/?s={search_term_string}\"},\"query-input\":{\"@type\":\"PropertyValueSpecification\",\"valueRequired\":true,\"valueName\":\"search_term_string\"}}],\"inLanguage\":\"en-GB\"},{\"@type\":\"Organization\",\"@id\":\"https:\\\/\\\/www.anva.se\\\/en\\\/#organization\",\"name\":\"AnVa\",\"url\":\"https:\\\/\\\/www.anva.se\\\/en\\\/\",\"logo\":{\"@type\":\"ImageObject\",\"inLanguage\":\"en-GB\",\"@id\":\"https:\\\/\\\/www.anva.se\\\/en\\\/#\\\/schema\\\/logo\\\/image\\\/\",\"url\":\"https:\\\/\\\/www.anva.se\\\/wp-content\\\/uploads\\\/2025\\\/10\\\/AnVanew.svg\",\"contentUrl\":\"https:\\\/\\\/www.anva.se\\\/wp-content\\\/uploads\\\/2025\\\/10\\\/AnVanew.svg\",\"caption\":\"AnVa\"},\"image\":{\"@id\":\"https:\\\/\\\/www.anva.se\\\/en\\\/#\\\/schema\\\/logo\\\/image\\\/\"}}]}<\/script>\n<!-- \/ Yoast SEO plugin. -->","yoast_head_json":{"title":"Karri\u00e4r \u2013 Jobba hos oss p\u00e5 AnVa Industries","description":"P\u00e5 AnVa \u00e4r v\u00e5ra medarbetare v\u00e5r st\u00f6rsta styrka. Vi erbjuder en trygg arbetsmilj\u00f6 d\u00e4r engagemang, utveckling och lagarbete st\u00e5r i centrum.","robots":{"index":"index","follow":"follow","max-snippet":"max-snippet:-1","max-image-preview":"max-image-preview:large","max-video-preview":"max-video-preview:-1"},"canonical":"https:\/\/www.anva.se\/en\/karriar\/","og_locale":"en_GB","og_type":"article","og_title":"Karri\u00e4r \u2013 Jobba hos oss p\u00e5 AnVa Industries","og_description":"P\u00e5 AnVa \u00e4r v\u00e5ra medarbetare v\u00e5r st\u00f6rsta styrka. Vi erbjuder en trygg arbetsmilj\u00f6 d\u00e4r engagemang, utveckling och lagarbete st\u00e5r i centrum.","og_url":"https:\/\/www.anva.se\/en\/karriar\/","og_site_name":"AnVa","article_modified_time":"2025-12-04T15:15:05+00:00","og_image":[{"url":"https:\/\/www.anva.se\/wp-content\/uploads\/2025\/11\/hallbarhet-scaled.jpg","type":"","width":"","height":""}],"twitter_card":"summary_large_image","twitter_misc":{"Estimated reading time":"2 minutes"},"schema":{"@context":"https:\/\/schema.org","@graph":[{"@type":"WebPage","@id":"https:\/\/www.anva.se\/en\/karriar\/","url":"https:\/\/www.anva.se\/en\/karriar\/","name":"Karri\u00e4r \u2013 Jobba hos oss p\u00e5 AnVa Industries","isPartOf":{"@id":"https:\/\/www.anva.se\/en\/#website"},"primaryImageOfPage":{"@id":"https:\/\/www.anva.se\/en\/karriar\/#primaryimage"},"image":{"@id":"https:\/\/www.anva.se\/en\/karriar\/#primaryimage"},"thumbnailUrl":"https:\/\/www.anva.se\/wp-content\/uploads\/2025\/11\/hallbarhet-scaled.jpg","datePublished":"2025-10-10T11:48:35+00:00","dateModified":"2025-12-04T15:15:05+00:00","description":"P\u00e5 AnVa \u00e4r v\u00e5ra medarbetare v\u00e5r st\u00f6rsta styrka. Vi erbjuder en trygg arbetsmilj\u00f6 d\u00e4r engagemang, utveckling och lagarbete st\u00e5r i centrum.","breadcrumb":{"@id":"https:\/\/www.anva.se\/en\/karriar\/#breadcrumb"},"inLanguage":"en-GB","potentialAction":[{"@type":"ReadAction","target":["https:\/\/www.anva.se\/en\/karriar\/"]}]},{"@type":"ImageObject","inLanguage":"en-GB","@id":"https:\/\/www.anva.se\/en\/karriar\/#primaryimage","url":"https:\/\/www.anva.se\/wp-content\/uploads\/2025\/11\/hallbarhet-scaled.jpg","contentUrl":"https:\/\/www.anva.se\/wp-content\/uploads\/2025\/11\/hallbarhet-scaled.jpg"},{"@type":"BreadcrumbList","@id":"https:\/\/www.anva.se\/en\/karriar\/#breadcrumb","itemListElement":[{"@type":"ListItem","position":1,"name":"Hem","item":"https:\/\/www.anva.se\/en\/"},{"@type":"ListItem","position":2,"name":"Karri\u00e4r"}]},{"@type":"WebSite","@id":"https:\/\/www.anva.se\/en\/#website","url":"https:\/\/www.anva.se\/en\/","name":"AnVa","description":"","publisher":{"@id":"https:\/\/www.anva.se\/en\/#organization"},"potentialAction":[{"@type":"SearchAction","target":{"@type":"EntryPoint","urlTemplate":"https:\/\/www.anva.se\/en\/?s={search_term_string}"},"query-input":{"@type":"PropertyValueSpecification","valueRequired":true,"valueName":"search_term_string"}}],"inLanguage":"en-GB"},{"@type":"Organization","@id":"https:\/\/www.anva.se\/en\/#organization","name":"AnVa","url":"https:\/\/www.anva.se\/en\/","logo":{"@type":"ImageObject","inLanguage":"en-GB","@id":"https:\/\/www.anva.se\/en\/#\/schema\/logo\/image\/","url":"https:\/\/www.anva.se\/wp-content\/uploads\/2025\/10\/AnVanew.svg","contentUrl":"https:\/\/www.anva.se\/wp-content\/uploads\/2025\/10\/AnVanew.svg","caption":"AnVa"},"image":{"@id":"https:\/\/www.anva.se\/en\/#\/schema\/logo\/image\/"}}]}},"_links":{"self":[{"href":"https:\/\/www.anva.se\/en\/wp-json\/wp\/v2\/pages\/497","targetHints":{"allow":["GET"]}}],"collection":[{"href":"https:\/\/www.anva.se\/en\/wp-json\/wp\/v2\/pages"}],"about":[{"href":"https:\/\/www.anva.se\/en\/wp-json\/wp\/v2\/types\/page"}],"author":[{"embeddable":true,"href":"https:\/\/www.anva.se\/en\/wp-json\/wp\/v2\/users\/1"}],"replies":[{"embeddable":true,"href":"https:\/\/www.anva.se\/en\/wp-json\/wp\/v2\/comments?post=497"}],"version-history":[{"count":30,"href":"https:\/\/www.anva.se\/en\/wp-json\/wp\/v2\/pages\/497\/revisions"}],"predecessor-version":[{"id":970,"href":"https:\/\/www.anva.se\/en\/wp-json\/wp\/v2\/pages\/497\/revisions\/970"}],"wp:attachment":[{"href":"https:\/\/www.anva.se\/en\/wp-json\/wp\/v2\/media?parent=497"}],"curies":[{"name":"wp","href":"https:\/\/api.w.org\/{rel}","templated":true}]}}