{"id":3,"date":"2025-09-29T09:57:14","date_gmt":"2025-09-29T07:57:14","guid":{"rendered":"http:\/\/anva.local\/?page_id=3"},"modified":"2025-12-04T16:08:18","modified_gmt":"2025-12-04T15:08:18","slug":"privacy-policy","status":"publish","type":"page","link":"https:\/\/www.anva.se\/en\/privacy-policy\/","title":{"rendered":"Privacy Policy"},"content":{"rendered":"<div class=\"wp-block-group alignfull has-black-color has-brand-5-background-color has-text-color has-background has-link-color wp-elements-11685b103f9ac7aa16d83e00fd376b77 has-global-padding is-layout-constrained wp-container-core-group-is-layout-e9ed7cc1 wp-block-group-is-layout-constrained\" style=\"padding-top:var(--wp--preset--spacing--7-0);padding-bottom:var(--wp--preset--spacing--7-0)\">\n<div class=\"wp-block-group has-global-padding is-layout-constrained wp-container-core-group-is-layout-34d97ddb wp-block-group-is-layout-constrained\">\n<div class=\"wp-block-group has-global-padding is-layout-constrained wp-block-group-is-layout-constrained\">\n<h2 class=\"wp-block-heading\">AnVa Integritetspolicy<\/h2>\n\n\n\n<p style=\"margin-bottom:var(--wp--preset--spacing--0-50)\">P\u00e5 AnVa v\u00e4rnar vi om din personliga integritet och efterstr\u00e4var en h\u00f6g niv\u00e5 av dataskydd.<br>V\u00e5r webbplats samlar inte in personuppgifter direkt fr\u00e5n dig som bes\u00f6kare. D\u00e4remot anv\u00e4nder vi cookies och statistikverktyg f\u00f6r att analysera trafik och f\u00f6rb\u00e4ttra anv\u00e4ndarupplevelsen. Du kan l\u00e4sa mer om detta och hantera dina inst\u00e4llningar via v\u00e5r cookie-popup.<br>Om du kontaktar oss via e-post eller andra kommunikationskanaler behandlar vi dina personuppgifter i enlighet med g\u00e4llande dataskyddslagstiftning (GDPR). Vi samlar endast in den information som \u00e4r n\u00f6dv\u00e4ndig f\u00f6r att hantera ditt \u00e4rende och sparar inte l\u00e4ngre \u00e4n vad som kr\u00e4vs.<\/p>\n\n\n\n<p style=\"margin-bottom:var(--wp--preset--spacing--0-50)\"><strong>Delning av uppgifter<\/strong><br>Vi delar inte dina personuppgifter med tredje part, s\u00e5vida det inte finns en r\u00e4ttslig grund f\u00f6r detta, exempelvis ett avtal, samtycke eller lagkrav.<\/p>\n\n\n\n<p style=\"margin-bottom:var(--wp--preset--spacing--0-50)\"><strong>Dina r\u00e4ttigheter<\/strong><br>Du har r\u00e4tt att:<\/p>\n\n\n\n<ul style=\"margin-bottom:var(--wp--preset--spacing--0-50)\" class=\"wp-block-list\">\n<li>Beg\u00e4ra information om vilka personuppgifter vi behandlar om dig.<\/li>\n\n\n\n<li>F\u00e5 felaktiga uppgifter r\u00e4ttade.<\/li>\n\n\n\n<li>Beg\u00e4ra radering av dina uppgifter, i den m\u00e5n det \u00e4r f\u00f6renligt med g\u00e4llande lag.<\/li>\n<\/ul>\n\n\n\n<p>F\u00f6r att ut\u00f6va dina r\u00e4ttigheter eller om du har fr\u00e5gor om v\u00e5r behandling av personuppgifter, v\u00e4nligen kontakta oss via de kontaktuppgifter som finns p\u00e5 v\u00e5r webbplats.<\/p>\n<\/div>\n<\/div>\n<\/div>","protected":false},"excerpt":{"rendered":"<p>AnVa Integritetspolicy P\u00e5 AnVa v\u00e4rnar vi om din personliga integritet och efterstr\u00e4var en h\u00f6g niv\u00e5 av dataskydd.V\u00e5r webbplats samlar inte in personuppgifter direkt fr\u00e5n dig som bes\u00f6kare. D\u00e4remot anv\u00e4nder vi cookies och statistikverktyg f\u00f6r att analysera trafik och f\u00f6rb\u00e4ttra anv\u00e4ndarupplevelsen. Du kan l\u00e4sa mer om detta och hantera dina inst\u00e4llningar via v\u00e5r cookie-popup.Om du kontaktar [&hellip;]<\/p>\n","protected":false},"author":1,"featured_media":0,"parent":0,"menu_order":0,"comment_status":"closed","ping_status":"closed","template":"","meta":{"footnotes":""},"class_list":["post-3","page","type-page","status-publish","hentry"],"yoast_head":"<!-- This site is optimized with the Yoast SEO plugin v27.5 - https:\/\/yoast.com\/product\/yoast-seo-wordpress\/ -->\n<title>Privacy Policy - AnVa<\/title>\n<meta name=\"robots\" content=\"index, follow, max-snippet:-1, max-image-preview:large, max-video-preview:-1\" \/>\n<link rel=\"canonical\" href=\"https:\/\/www.anva.se\/en\/privacy-policy\/\" \/>\n<meta property=\"og:locale\" content=\"en_GB\" \/>\n<meta property=\"og:type\" content=\"article\" \/>\n<meta property=\"og:title\" content=\"Privacy Policy - AnVa\" \/>\n<meta property=\"og:description\" content=\"AnVa Integritetspolicy P\u00e5 AnVa v\u00e4rnar vi om din personliga integritet och efterstr\u00e4var en h\u00f6g niv\u00e5 av dataskydd.V\u00e5r webbplats samlar inte in personuppgifter direkt fr\u00e5n dig som bes\u00f6kare. D\u00e4remot anv\u00e4nder vi cookies och statistikverktyg f\u00f6r att analysera trafik och f\u00f6rb\u00e4ttra anv\u00e4ndarupplevelsen. Du kan l\u00e4sa mer om detta och hantera dina inst\u00e4llningar via v\u00e5r cookie-popup.Om du kontaktar [&hellip;]\" \/>\n<meta property=\"og:url\" content=\"https:\/\/www.anva.se\/en\/privacy-policy\/\" \/>\n<meta property=\"og:site_name\" content=\"AnVa\" \/>\n<meta property=\"article:modified_time\" content=\"2025-12-04T15:08:18+00:00\" \/>\n<meta name=\"twitter:card\" content=\"summary_large_image\" \/>\n<meta name=\"twitter:label1\" content=\"Estimated reading time\" \/>\n\t<meta name=\"twitter:data1\" content=\"1 minute\" \/>\n<script type=\"application\/ld+json\" class=\"yoast-schema-graph\">{\"@context\":\"https:\\\/\\\/schema.org\",\"@graph\":[{\"@type\":\"WebPage\",\"@id\":\"https:\\\/\\\/www.anva.se\\\/en\\\/privacy-policy\\\/\",\"url\":\"https:\\\/\\\/www.anva.se\\\/en\\\/privacy-policy\\\/\",\"name\":\"Privacy Policy - AnVa\",\"isPartOf\":{\"@id\":\"https:\\\/\\\/www.anva.se\\\/en\\\/#website\"},\"datePublished\":\"2025-09-29T07:57:14+00:00\",\"dateModified\":\"2025-12-04T15:08:18+00:00\",\"breadcrumb\":{\"@id\":\"https:\\\/\\\/www.anva.se\\\/en\\\/privacy-policy\\\/#breadcrumb\"},\"inLanguage\":\"en-GB\",\"potentialAction\":[{\"@type\":\"ReadAction\",\"target\":[\"https:\\\/\\\/www.anva.se\\\/en\\\/privacy-policy\\\/\"]}]},{\"@type\":\"BreadcrumbList\",\"@id\":\"https:\\\/\\\/www.anva.se\\\/en\\\/privacy-policy\\\/#breadcrumb\",\"itemListElement\":[{\"@type\":\"ListItem\",\"position\":1,\"name\":\"Hem\",\"item\":\"https:\\\/\\\/www.anva.se\\\/en\\\/\"},{\"@type\":\"ListItem\",\"position\":2,\"name\":\"Privacy Policy\"}]},{\"@type\":\"WebSite\",\"@id\":\"https:\\\/\\\/www.anva.se\\\/en\\\/#website\",\"url\":\"https:\\\/\\\/www.anva.se\\\/en\\\/\",\"name\":\"AnVa\",\"description\":\"\",\"publisher\":{\"@id\":\"https:\\\/\\\/www.anva.se\\\/en\\\/#organization\"},\"potentialAction\":[{\"@type\":\"SearchAction\",\"target\":{\"@type\":\"EntryPoint\",\"urlTemplate\":\"https:\\\/\\\/www.anva.se\\\/en\\\/?s={search_term_string}\"},\"query-input\":{\"@type\":\"PropertyValueSpecification\",\"valueRequired\":true,\"valueName\":\"search_term_string\"}}],\"inLanguage\":\"en-GB\"},{\"@type\":\"Organization\",\"@id\":\"https:\\\/\\\/www.anva.se\\\/en\\\/#organization\",\"name\":\"AnVa\",\"url\":\"https:\\\/\\\/www.anva.se\\\/en\\\/\",\"logo\":{\"@type\":\"ImageObject\",\"inLanguage\":\"en-GB\",\"@id\":\"https:\\\/\\\/www.anva.se\\\/en\\\/#\\\/schema\\\/logo\\\/image\\\/\",\"url\":\"https:\\\/\\\/www.anva.se\\\/wp-content\\\/uploads\\\/2025\\\/10\\\/AnVanew.svg\",\"contentUrl\":\"https:\\\/\\\/www.anva.se\\\/wp-content\\\/uploads\\\/2025\\\/10\\\/AnVanew.svg\",\"caption\":\"AnVa\"},\"image\":{\"@id\":\"https:\\\/\\\/www.anva.se\\\/en\\\/#\\\/schema\\\/logo\\\/image\\\/\"}}]}<\/script>\n<!-- \/ Yoast SEO plugin. -->","yoast_head_json":{"title":"Privacy Policy - AnVa","robots":{"index":"index","follow":"follow","max-snippet":"max-snippet:-1","max-image-preview":"max-image-preview:large","max-video-preview":"max-video-preview:-1"},"canonical":"https:\/\/www.anva.se\/en\/privacy-policy\/","og_locale":"en_GB","og_type":"article","og_title":"Privacy Policy - AnVa","og_description":"AnVa Integritetspolicy P\u00e5 AnVa v\u00e4rnar vi om din personliga integritet och efterstr\u00e4var en h\u00f6g niv\u00e5 av dataskydd.V\u00e5r webbplats samlar inte in personuppgifter direkt fr\u00e5n dig som bes\u00f6kare. D\u00e4remot anv\u00e4nder vi cookies och statistikverktyg f\u00f6r att analysera trafik och f\u00f6rb\u00e4ttra anv\u00e4ndarupplevelsen. Du kan l\u00e4sa mer om detta och hantera dina inst\u00e4llningar via v\u00e5r cookie-popup.Om du kontaktar [&hellip;]","og_url":"https:\/\/www.anva.se\/en\/privacy-policy\/","og_site_name":"AnVa","article_modified_time":"2025-12-04T15:08:18+00:00","twitter_card":"summary_large_image","twitter_misc":{"Estimated reading time":"1 minute"},"schema":{"@context":"https:\/\/schema.org","@graph":[{"@type":"WebPage","@id":"https:\/\/www.anva.se\/en\/privacy-policy\/","url":"https:\/\/www.anva.se\/en\/privacy-policy\/","name":"Privacy Policy - AnVa","isPartOf":{"@id":"https:\/\/www.anva.se\/en\/#website"},"datePublished":"2025-09-29T07:57:14+00:00","dateModified":"2025-12-04T15:08:18+00:00","breadcrumb":{"@id":"https:\/\/www.anva.se\/en\/privacy-policy\/#breadcrumb"},"inLanguage":"en-GB","potentialAction":[{"@type":"ReadAction","target":["https:\/\/www.anva.se\/en\/privacy-policy\/"]}]},{"@type":"BreadcrumbList","@id":"https:\/\/www.anva.se\/en\/privacy-policy\/#breadcrumb","itemListElement":[{"@type":"ListItem","position":1,"name":"Hem","item":"https:\/\/www.anva.se\/en\/"},{"@type":"ListItem","position":2,"name":"Privacy Policy"}]},{"@type":"WebSite","@id":"https:\/\/www.anva.se\/en\/#website","url":"https:\/\/www.anva.se\/en\/","name":"AnVa","description":"","publisher":{"@id":"https:\/\/www.anva.se\/en\/#organization"},"potentialAction":[{"@type":"SearchAction","target":{"@type":"EntryPoint","urlTemplate":"https:\/\/www.anva.se\/en\/?s={search_term_string}"},"query-input":{"@type":"PropertyValueSpecification","valueRequired":true,"valueName":"search_term_string"}}],"inLanguage":"en-GB"},{"@type":"Organization","@id":"https:\/\/www.anva.se\/en\/#organization","name":"AnVa","url":"https:\/\/www.anva.se\/en\/","logo":{"@type":"ImageObject","inLanguage":"en-GB","@id":"https:\/\/www.anva.se\/en\/#\/schema\/logo\/image\/","url":"https:\/\/www.anva.se\/wp-content\/uploads\/2025\/10\/AnVanew.svg","contentUrl":"https:\/\/www.anva.se\/wp-content\/uploads\/2025\/10\/AnVanew.svg","caption":"AnVa"},"image":{"@id":"https:\/\/www.anva.se\/en\/#\/schema\/logo\/image\/"}}]}},"_links":{"self":[{"href":"https:\/\/www.anva.se\/en\/wp-json\/wp\/v2\/pages\/3","targetHints":{"allow":["GET"]}}],"collection":[{"href":"https:\/\/www.anva.se\/en\/wp-json\/wp\/v2\/pages"}],"about":[{"href":"https:\/\/www.anva.se\/en\/wp-json\/wp\/v2\/types\/page"}],"author":[{"embeddable":true,"href":"https:\/\/www.anva.se\/en\/wp-json\/wp\/v2\/users\/1"}],"replies":[{"embeddable":true,"href":"https:\/\/www.anva.se\/en\/wp-json\/wp\/v2\/comments?post=3"}],"version-history":[{"count":6,"href":"https:\/\/www.anva.se\/en\/wp-json\/wp\/v2\/pages\/3\/revisions"}],"predecessor-version":[{"id":967,"href":"https:\/\/www.anva.se\/en\/wp-json\/wp\/v2\/pages\/3\/revisions\/967"}],"wp:attachment":[{"href":"https:\/\/www.anva.se\/en\/wp-json\/wp\/v2\/media?parent=3"}],"curies":[{"name":"wp","href":"https:\/\/api.w.org\/{rel}","templated":true}]}}